{"id":40368,"date":"2026-05-16T08:49:07","date_gmt":"2026-05-16T12:49:07","guid":{"rendered":"https:\/\/gretapearls.com\/en\/?post_type=product&#038;p=40368"},"modified":"2026-05-16T11:39:14","modified_gmt":"2026-05-16T15:39:14","slug":"9-5-10-5-mm-weise-hochwertige-glatte-runde-suswasserperle","status":"publish","type":"product","link":"https:\/\/gretapearls.com\/de\/shop\/9-5-10-5mm-white-high-quality-smooth-round-freshwater-pearl\/","title":{"rendered":"9,5\u201310,5 mm wei\u00dfe, hochwertige, glatte, runde S\u00fc\u00dfwasserperle"},"content":{"rendered":"","protected":false},"excerpt":{"rendered":"<p>Diese Perlencharge zeichnet sich durch eine glatte Oberfl\u00e4che und hervorragende Qualit\u00e4t aus und besticht durch ihre sch\u00f6ne wei\u00dfe Farbe. Die Perlen sind nahezu rund und haben einen Durchmesser von 9,5 bis 10,5 mm. Sie eignen sich ideal f\u00fcr die Anfertigung eleganter Schmuckst\u00fccke wie Halsketten oder Armb\u00e4nder.<\/p>","protected":false},"featured_media":40363,"comment_status":"open","ping_status":"closed","template":"","meta":[],"product_brand":[],"product_cat":[57],"product_tag":[91,83,85],"class_list":{"0":"post-40368","1":"product","2":"type-product","3":"status-publish","4":"has-post-thumbnail","6":"product_cat-edison-pearls-wholesale","7":"product_tag-full-drilled-pearls","8":"product_tag-large-freshwater-pearls-wholesale","9":"product_tag-bulk-string-pearls","10":"pa_color-white-pearls","11":"pa_shape-round-pearls","13":"first","14":"instock","15":"taxable","16":"shipping-taxable","17":"purchasable","18":"product-type-simple"},"tiered_pricing_type":"fixed","tiered_pricing_fixed_rules":[],"tiered_pricing_product_settings":{"layout":"default","base_unit_name":{"singular":null,"plural":null},"default_variation":null},"tiered_pricing_minimum_quantity":null,"tiered_pricing_roles_data":[],"tiered_pricing_percentage_rules":[],"tiered_pricing_maximum_quantity":null,"tiered_pricing_quantity_step":null,"_links":{"self":[{"href":"https:\/\/gretapearls.com\/de\/wp-json\/wp\/v2\/product\/40368","targetHints":{"allow":["GET"]}}],"collection":[{"href":"https:\/\/gretapearls.com\/de\/wp-json\/wp\/v2\/product"}],"about":[{"href":"https:\/\/gretapearls.com\/de\/wp-json\/wp\/v2\/types\/product"}],"replies":[{"embeddable":true,"href":"https:\/\/gretapearls.com\/de\/wp-json\/wp\/v2\/comments?post=40368"}],"wp:featuredmedia":[{"embeddable":true,"href":"https:\/\/gretapearls.com\/de\/wp-json\/wp\/v2\/media\/40363"}],"wp:attachment":[{"href":"https:\/\/gretapearls.com\/de\/wp-json\/wp\/v2\/media?parent=40368"}],"wp:term":[{"taxonomy":"product_brand","embeddable":true,"href":"https:\/\/gretapearls.com\/de\/wp-json\/wp\/v2\/product_brand?post=40368"},{"taxonomy":"product_cat","embeddable":true,"href":"https:\/\/gretapearls.com\/de\/wp-json\/wp\/v2\/product_cat?post=40368"},{"taxonomy":"product_tag","embeddable":true,"href":"https:\/\/gretapearls.com\/de\/wp-json\/wp\/v2\/product_tag?post=40368"}],"curies":[{"name":"wp","href":"https:\/\/api.w.org\/{rel}","templated":true}]}}