{"id":40278,"date":"2026-05-16T05:01:02","date_gmt":"2026-05-16T09:01:02","guid":{"rendered":"https:\/\/gretapearls.com\/en\/?post_type=product&#038;p=40278"},"modified":"2026-05-16T11:28:00","modified_gmt":"2026-05-16T15:28:00","slug":"13-15mm-white-high-luster-baroque-freshwater-pearls","status":"publish","type":"product","link":"https:\/\/gretapearls.com\/de\/shop\/13-15mm-white-high-luster-baroque-freshwater-pearls\/","title":{"rendered":"13-15 mm wei\u00dfe, hochgl\u00e4nzende Barock-S\u00fc\u00dfwasserperlen"},"content":{"rendered":"","protected":false},"excerpt":{"rendered":"<p>This collection showcases white freshwater pearls with a high-luster finish, measuring 13-15mm in size. Their round shape provides a classic and versatile aesthetic, suitable for various jewelry applications. These pearls are ideal for creating elegant necklaces, bracelets, or detailed statement pieces.<\/p>","protected":false},"featured_media":40273,"comment_status":"open","ping_status":"closed","template":"","meta":[],"product_brand":[],"product_cat":[54,56,124],"product_tag":[91,84,85],"class_list":{"0":"post-40278","1":"product","2":"type-product","3":"status-publish","4":"has-post-thumbnail","6":"product_cat-freshwater-pearls-wholesale","7":"product_cat-baroque-pearls-wholesale","8":"product_cat-irregular-pearls","9":"product_tag-full-drilled-pearls","10":"product_tag-giant-pearls-whoelsale","11":"product_tag-bulk-string-pearls","12":"pa_color-white-pearls","13":"pa_shape-teardrop-pearls","15":"first","16":"instock","17":"taxable","18":"shipping-taxable","19":"purchasable","20":"product-type-simple"},"tiered_pricing_type":"fixed","tiered_pricing_fixed_rules":[],"tiered_pricing_product_settings":{"layout":"default","base_unit_name":{"singular":null,"plural":null},"default_variation":null},"tiered_pricing_minimum_quantity":null,"tiered_pricing_roles_data":[],"tiered_pricing_percentage_rules":[],"tiered_pricing_maximum_quantity":null,"tiered_pricing_quantity_step":null,"_links":{"self":[{"href":"https:\/\/gretapearls.com\/de\/wp-json\/wp\/v2\/product\/40278","targetHints":{"allow":["GET"]}}],"collection":[{"href":"https:\/\/gretapearls.com\/de\/wp-json\/wp\/v2\/product"}],"about":[{"href":"https:\/\/gretapearls.com\/de\/wp-json\/wp\/v2\/types\/product"}],"replies":[{"embeddable":true,"href":"https:\/\/gretapearls.com\/de\/wp-json\/wp\/v2\/comments?post=40278"}],"wp:featuredmedia":[{"embeddable":true,"href":"https:\/\/gretapearls.com\/de\/wp-json\/wp\/v2\/media\/40273"}],"wp:attachment":[{"href":"https:\/\/gretapearls.com\/de\/wp-json\/wp\/v2\/media?parent=40278"}],"wp:term":[{"taxonomy":"product_brand","embeddable":true,"href":"https:\/\/gretapearls.com\/de\/wp-json\/wp\/v2\/product_brand?post=40278"},{"taxonomy":"product_cat","embeddable":true,"href":"https:\/\/gretapearls.com\/de\/wp-json\/wp\/v2\/product_cat?post=40278"},{"taxonomy":"product_tag","embeddable":true,"href":"https:\/\/gretapearls.com\/de\/wp-json\/wp\/v2\/product_tag?post=40278"}],"curies":[{"name":"wp","href":"https:\/\/api.w.org\/{rel}","templated":true}]}}