{"id":39765,"date":"2026-04-14T06:29:35","date_gmt":"2026-04-14T10:29:35","guid":{"rendered":"https:\/\/gretapearls.com\/en\/?post_type=product&#038;p=39765"},"modified":"2026-04-17T02:35:36","modified_gmt":"2026-04-17T06:35:36","slug":"3-5-4-mm-weise-hochwertige-suswasser-reisperlen","status":"publish","type":"product","link":"https:\/\/gretapearls.com\/de\/shop\/3-5-4mm-white-high-quality-rice-freshwater-pearls\/","title":{"rendered":"3,5\u20134 mm wei\u00dfe, hochwertige S\u00fc\u00dfwasser-Reisperlen"},"content":{"rendered":"","protected":false},"excerpt":{"rendered":"<p>Diese nat\u00fcrlichen S\u00fc\u00dfwasserperlen haben einen Durchmesser von 3,5\u20134 mm und eine k\u00fchle, wei\u00dfe Farbe. Es handelt sich um Halbfertigperlen, etwa 80 St\u00fcck pro Strang mit einer L\u00e4nge von ca. 39 cm. Ideal f\u00fcr die Herstellung von zarten Schmuckst\u00fccken wie Halsketten oder Armb\u00e4ndern.<\/p>","protected":false},"featured_media":39760,"comment_status":"open","ping_status":"closed","template":"","meta":[],"product_brand":[],"product_cat":[54],"product_tag":[91,81,85],"class_list":{"0":"post-39765","1":"product","2":"type-product","3":"status-publish","4":"has-post-thumbnail","6":"product_cat-freshwater-pearls-wholesale","7":"product_tag-full-drilled-pearls","8":"product_tag-small-freshwater-pearls-wholesale","9":"product_tag-bulk-string-pearls","10":"pa_color-white-pearls","11":"pa_shape-rice-pearls","13":"first","14":"instock","15":"taxable","16":"shipping-taxable","17":"purchasable","18":"product-type-simple"},"tiered_pricing_type":"fixed","tiered_pricing_fixed_rules":[],"tiered_pricing_product_settings":{"layout":"default","base_unit_name":{"singular":null,"plural":null},"default_variation":null},"tiered_pricing_minimum_quantity":null,"tiered_pricing_roles_data":[],"tiered_pricing_percentage_rules":[],"tiered_pricing_maximum_quantity":null,"tiered_pricing_quantity_step":null,"_links":{"self":[{"href":"https:\/\/gretapearls.com\/de\/wp-json\/wp\/v2\/product\/39765","targetHints":{"allow":["GET"]}}],"collection":[{"href":"https:\/\/gretapearls.com\/de\/wp-json\/wp\/v2\/product"}],"about":[{"href":"https:\/\/gretapearls.com\/de\/wp-json\/wp\/v2\/types\/product"}],"replies":[{"embeddable":true,"href":"https:\/\/gretapearls.com\/de\/wp-json\/wp\/v2\/comments?post=39765"}],"wp:featuredmedia":[{"embeddable":true,"href":"https:\/\/gretapearls.com\/de\/wp-json\/wp\/v2\/media\/39760"}],"wp:attachment":[{"href":"https:\/\/gretapearls.com\/de\/wp-json\/wp\/v2\/media?parent=39765"}],"wp:term":[{"taxonomy":"product_brand","embeddable":true,"href":"https:\/\/gretapearls.com\/de\/wp-json\/wp\/v2\/product_brand?post=39765"},{"taxonomy":"product_cat","embeddable":true,"href":"https:\/\/gretapearls.com\/de\/wp-json\/wp\/v2\/product_cat?post=39765"},{"taxonomy":"product_tag","embeddable":true,"href":"https:\/\/gretapearls.com\/de\/wp-json\/wp\/v2\/product_tag?post=39765"}],"curies":[{"name":"wp","href":"https:\/\/api.w.org\/{rel}","templated":true}]}}