{"id":39735,"date":"2026-04-14T06:27:31","date_gmt":"2026-04-14T10:27:31","guid":{"rendered":"https:\/\/gretapearls.com\/en\/?post_type=product&#038;p=39735"},"modified":"2026-04-17T02:28:00","modified_gmt":"2026-04-17T06:28:00","slug":"11-13-mm-weise-naturliche-suswasserperlen-barocke-runde-perle","status":"publish","type":"product","link":"https:\/\/gretapearls.com\/de\/shop\/11-13mm-white-natural-freshwater-pearls-baroque-round-pearl\/","title":{"rendered":"11-13 mm wei\u00dfe, nat\u00fcrliche S\u00fc\u00dfwasserperlen, barocke runde Perle"},"content":{"rendered":"","protected":false},"excerpt":{"rendered":"<p>Diese Perlenkette pr\u00e4sentiert barocke S\u00fc\u00dfwasserperlen in nat\u00fcrlicher wei\u00dfer Farbe mit einem Durchmesser von 11 bis 13 mm. Sie zeichnen sich durch die f\u00fcr diesen Perlenstil typische runde Form aus. Die 40 cm lange Kette eignet sich hervorragend f\u00fcr die Kreation ausdrucksstarker Halsketten oder einzigartiger Schmuckst\u00fccke.<\/p>","protected":false},"featured_media":39730,"comment_status":"open","ping_status":"closed","template":"","meta":[],"product_brand":[],"product_cat":[54,57],"product_tag":[91,83,85],"class_list":{"0":"post-39735","1":"product","2":"type-product","3":"status-publish","4":"has-post-thumbnail","6":"product_cat-freshwater-pearls-wholesale","7":"product_cat-edison-pearls-wholesale","8":"product_tag-full-drilled-pearls","9":"product_tag-large-freshwater-pearls-wholesale","10":"product_tag-bulk-string-pearls","11":"pa_color-white-pearls","12":"pa_shape-teardrop-pearls","14":"first","15":"instock","16":"taxable","17":"shipping-taxable","18":"purchasable","19":"product-type-simple"},"tiered_pricing_type":"fixed","tiered_pricing_fixed_rules":[],"tiered_pricing_product_settings":{"layout":"default","base_unit_name":{"singular":null,"plural":null},"default_variation":null},"tiered_pricing_minimum_quantity":null,"tiered_pricing_roles_data":[],"tiered_pricing_percentage_rules":[],"tiered_pricing_maximum_quantity":null,"tiered_pricing_quantity_step":null,"_links":{"self":[{"href":"https:\/\/gretapearls.com\/de\/wp-json\/wp\/v2\/product\/39735","targetHints":{"allow":["GET"]}}],"collection":[{"href":"https:\/\/gretapearls.com\/de\/wp-json\/wp\/v2\/product"}],"about":[{"href":"https:\/\/gretapearls.com\/de\/wp-json\/wp\/v2\/types\/product"}],"replies":[{"embeddable":true,"href":"https:\/\/gretapearls.com\/de\/wp-json\/wp\/v2\/comments?post=39735"}],"wp:featuredmedia":[{"embeddable":true,"href":"https:\/\/gretapearls.com\/de\/wp-json\/wp\/v2\/media\/39730"}],"wp:attachment":[{"href":"https:\/\/gretapearls.com\/de\/wp-json\/wp\/v2\/media?parent=39735"}],"wp:term":[{"taxonomy":"product_brand","embeddable":true,"href":"https:\/\/gretapearls.com\/de\/wp-json\/wp\/v2\/product_brand?post=39735"},{"taxonomy":"product_cat","embeddable":true,"href":"https:\/\/gretapearls.com\/de\/wp-json\/wp\/v2\/product_cat?post=39735"},{"taxonomy":"product_tag","embeddable":true,"href":"https:\/\/gretapearls.com\/de\/wp-json\/wp\/v2\/product_tag?post=39735"}],"curies":[{"name":"wp","href":"https:\/\/api.w.org\/{rel}","templated":true}]}}