{"id":39622,"date":"2026-04-14T06:19:34","date_gmt":"2026-04-14T10:19:34","guid":{"rendered":"https:\/\/gretapearls.com\/en\/?post_type=product&#038;p=39622"},"modified":"2026-04-17T02:09:16","modified_gmt":"2026-04-17T06:09:16","slug":"6-mm-weise-stark-glanzende-leicht-fehlerhafte-runde-suswasserperlen","status":"publish","type":"product","link":"https:\/\/gretapearls.com\/de\/shop\/6mm-white-strong-luster-slightly-flawed-round-freshwater-pearls\/","title":{"rendered":"6 mm wei\u00dfe, stark gl\u00e4nzende, leicht fehlerhafte runde S\u00fc\u00dfwasserperlen"},"content":{"rendered":"","protected":false},"excerpt":{"rendered":"<p>Diese S\u00fc\u00dfwasserperlen haben einen Durchmesser von 6 mm und sind nahezu rund. Sie weisen einen starken Glanz und nur geringf\u00fcgige Oberfl\u00e4chenunreinheiten auf. Diese vielseitige Perlenkette eignet sich f\u00fcr DIY-Schmuckprojekte und harmoniert sowohl mit schlichten als auch mit aufwendigen Designs.<\/p>","protected":false},"featured_media":39612,"comment_status":"open","ping_status":"closed","template":"","meta":[],"product_brand":[],"product_cat":[54],"product_tag":[91,82,85],"class_list":{"0":"post-39622","1":"product","2":"type-product","3":"status-publish","4":"has-post-thumbnail","6":"product_cat-freshwater-pearls-wholesale","7":"product_tag-full-drilled-pearls","8":"product_tag-medium-freshwater-pearls-wholesale","9":"product_tag-bulk-string-pearls","10":"pa_color-white-pearls","11":"pa_shape-round-pearls","13":"first","14":"instock","15":"taxable","16":"shipping-taxable","17":"purchasable","18":"product-type-simple"},"tiered_pricing_type":"fixed","tiered_pricing_fixed_rules":[],"tiered_pricing_product_settings":{"layout":"default","base_unit_name":{"singular":null,"plural":null},"default_variation":null},"tiered_pricing_minimum_quantity":null,"tiered_pricing_roles_data":[],"tiered_pricing_percentage_rules":[],"tiered_pricing_maximum_quantity":null,"tiered_pricing_quantity_step":null,"_links":{"self":[{"href":"https:\/\/gretapearls.com\/de\/wp-json\/wp\/v2\/product\/39622","targetHints":{"allow":["GET"]}}],"collection":[{"href":"https:\/\/gretapearls.com\/de\/wp-json\/wp\/v2\/product"}],"about":[{"href":"https:\/\/gretapearls.com\/de\/wp-json\/wp\/v2\/types\/product"}],"replies":[{"embeddable":true,"href":"https:\/\/gretapearls.com\/de\/wp-json\/wp\/v2\/comments?post=39622"}],"wp:featuredmedia":[{"embeddable":true,"href":"https:\/\/gretapearls.com\/de\/wp-json\/wp\/v2\/media\/39612"}],"wp:attachment":[{"href":"https:\/\/gretapearls.com\/de\/wp-json\/wp\/v2\/media?parent=39622"}],"wp:term":[{"taxonomy":"product_brand","embeddable":true,"href":"https:\/\/gretapearls.com\/de\/wp-json\/wp\/v2\/product_brand?post=39622"},{"taxonomy":"product_cat","embeddable":true,"href":"https:\/\/gretapearls.com\/de\/wp-json\/wp\/v2\/product_cat?post=39622"},{"taxonomy":"product_tag","embeddable":true,"href":"https:\/\/gretapearls.com\/de\/wp-json\/wp\/v2\/product_tag?post=39622"}],"curies":[{"name":"wp","href":"https:\/\/api.w.org\/{rel}","templated":true}]}}