{"id":39197,"date":"2026-03-26T08:35:46","date_gmt":"2026-03-26T12:35:46","guid":{"rendered":"https:\/\/gretapearls.com\/en\/?post_type=product&#038;p=39197"},"modified":"2026-03-26T12:09:18","modified_gmt":"2026-03-26T16:09:18","slug":"ohrhanger-aus-naturperlen-und-klarem-quarz","status":"publish","type":"product","link":"https:\/\/gretapearls.com\/de\/shop\/natural-pearl-clear-quartz-drop-earrings\/","title":{"rendered":"Ohrh\u00e4nger aus Naturperle und klarem Quarz"},"content":{"rendered":"","protected":false},"excerpt":{"rendered":"<p>Diese Ohrringe, ein Muss f\u00fcr Ihre Schmucksammlung, bestechen durch nat\u00fcrliche S\u00fc\u00dfwasserperlen und Bergkristall an 14-kar\u00e4tig vergoldeten S925-Silberstiften. Besonders gef\u00e4llt uns das einzigartige, lineare Design, bei dem ein funkelnder Zirkonia die Elemente verbindet und so einen zarten, lichtreflektierenden Anh\u00e4nger bildet.<\/p>","protected":false},"featured_media":39193,"comment_status":"open","ping_status":"closed","template":"","meta":[],"product_brand":[],"product_cat":[93,94],"product_tag":[],"class_list":{"0":"post-39197","1":"product","2":"type-product","3":"status-publish","4":"has-post-thumbnail","6":"product_cat-wholesale-pearl-earrings","7":"product_cat-wholesale-pearl-drop-earrings","9":"first","10":"instock","11":"taxable","12":"shipping-taxable","13":"purchasable","14":"product-type-variable"},"tiered_pricing_type":"fixed","tiered_pricing_fixed_rules":[],"tiered_pricing_product_settings":{"layout":"default","base_unit_name":{"singular":null,"plural":null},"default_variation":null},"tiered_pricing_minimum_quantity":null,"tiered_pricing_roles_data":[],"tiered_pricing_percentage_rules":[],"tiered_pricing_maximum_quantity":null,"tiered_pricing_quantity_step":null,"_links":{"self":[{"href":"https:\/\/gretapearls.com\/de\/wp-json\/wp\/v2\/product\/39197","targetHints":{"allow":["GET"]}}],"collection":[{"href":"https:\/\/gretapearls.com\/de\/wp-json\/wp\/v2\/product"}],"about":[{"href":"https:\/\/gretapearls.com\/de\/wp-json\/wp\/v2\/types\/product"}],"replies":[{"embeddable":true,"href":"https:\/\/gretapearls.com\/de\/wp-json\/wp\/v2\/comments?post=39197"}],"wp:featuredmedia":[{"embeddable":true,"href":"https:\/\/gretapearls.com\/de\/wp-json\/wp\/v2\/media\/39193"}],"wp:attachment":[{"href":"https:\/\/gretapearls.com\/de\/wp-json\/wp\/v2\/media?parent=39197"}],"wp:term":[{"taxonomy":"product_brand","embeddable":true,"href":"https:\/\/gretapearls.com\/de\/wp-json\/wp\/v2\/product_brand?post=39197"},{"taxonomy":"product_cat","embeddable":true,"href":"https:\/\/gretapearls.com\/de\/wp-json\/wp\/v2\/product_cat?post=39197"},{"taxonomy":"product_tag","embeddable":true,"href":"https:\/\/gretapearls.com\/de\/wp-json\/wp\/v2\/product_tag?post=39197"}],"curies":[{"name":"wp","href":"https:\/\/api.w.org\/{rel}","templated":true}]}}