{"id":38983,"date":"2026-03-23T00:45:02","date_gmt":"2026-03-23T04:45:02","guid":{"rendered":"https:\/\/gretapearls.com\/en\/?post_type=product&#038;p=38983"},"modified":"2026-03-23T01:19:38","modified_gmt":"2026-03-23T05:19:38","slug":"69-mm-groser-naturweiser-anhanger-in-form-einer-barocken-kalebasse-in-achterform","status":"publish","type":"product","link":"https:\/\/gretapearls.com\/de\/shop\/69mm-natural-white-baroque-gourd-figure-8-shape-pendant-charm\/","title":{"rendered":"6 x 9 mm gro\u00dfer, naturwei\u00dfer, barocker K\u00fcrbis-Anh\u00e4nger in Achterform"},"content":{"rendered":"","protected":false},"excerpt":{"rendered":"<p>Diese einzigartige Perle in barocker K\u00fcrbisform erstrahlt in nat\u00fcrlichem Wei\u00df. Mit ihren Ma\u00dfen von ca. 6 x 9 mm besticht sie durch ihre unverwechselbare organische Gestalt. Sie eignet sich perfekt zur Anfertigung von Unikat-Anh\u00e4ngern, Ohrringen oder als besonderes Schmuckst\u00fcck.<\/p>","protected":false},"featured_media":38977,"comment_status":"open","ping_status":"closed","template":"","meta":[],"product_brand":[],"product_cat":[80],"product_tag":[89,83,86],"class_list":{"0":"post-38983","1":"product","2":"type-product","3":"status-publish","4":"has-post-thumbnail","6":"product_cat-pearl-pendant-wholesale","7":"product_tag-half-drilled-pearls","8":"product_tag-large-freshwater-pearls-wholesale","9":"product_tag-loose-freshwater-pearls-wholesale","10":"pa_color-white-pearls","11":"pa_shape-freeform-pearls","13":"first","14":"instock","15":"taxable","16":"shipping-taxable","17":"purchasable","18":"product-type-variable"},"tiered_pricing_type":"fixed","tiered_pricing_fixed_rules":[],"tiered_pricing_product_settings":{"layout":"default","base_unit_name":{"singular":null,"plural":null},"default_variation":null},"tiered_pricing_minimum_quantity":null,"tiered_pricing_roles_data":[],"tiered_pricing_percentage_rules":[],"tiered_pricing_maximum_quantity":null,"tiered_pricing_quantity_step":null,"_links":{"self":[{"href":"https:\/\/gretapearls.com\/de\/wp-json\/wp\/v2\/product\/38983","targetHints":{"allow":["GET"]}}],"collection":[{"href":"https:\/\/gretapearls.com\/de\/wp-json\/wp\/v2\/product"}],"about":[{"href":"https:\/\/gretapearls.com\/de\/wp-json\/wp\/v2\/types\/product"}],"replies":[{"embeddable":true,"href":"https:\/\/gretapearls.com\/de\/wp-json\/wp\/v2\/comments?post=38983"}],"wp:featuredmedia":[{"embeddable":true,"href":"https:\/\/gretapearls.com\/de\/wp-json\/wp\/v2\/media\/38977"}],"wp:attachment":[{"href":"https:\/\/gretapearls.com\/de\/wp-json\/wp\/v2\/media?parent=38983"}],"wp:term":[{"taxonomy":"product_brand","embeddable":true,"href":"https:\/\/gretapearls.com\/de\/wp-json\/wp\/v2\/product_brand?post=38983"},{"taxonomy":"product_cat","embeddable":true,"href":"https:\/\/gretapearls.com\/de\/wp-json\/wp\/v2\/product_cat?post=38983"},{"taxonomy":"product_tag","embeddable":true,"href":"https:\/\/gretapearls.com\/de\/wp-json\/wp\/v2\/product_tag?post=38983"}],"curies":[{"name":"wp","href":"https:\/\/api.w.org\/{rel}","templated":true}]}}