{"id":38846,"date":"2026-03-20T06:31:48","date_gmt":"2026-03-20T10:31:48","guid":{"rendered":"https:\/\/gretapearls.com\/en\/?post_type=product&#038;p=38846"},"modified":"2026-04-29T08:14:47","modified_gmt":"2026-04-29T12:14:47","slug":"8-9-mm-weise-flache-suswasserperlen-von-hoher-qualitat","status":"publish","type":"product","link":"https:\/\/gretapearls.com\/de\/shop\/8-9mm-white-flat-back-high-quality-freshwater-pearls\/","title":{"rendered":"8\u20139 mm wei\u00dfe, flache S\u00fc\u00dfwasserperlen von hoher Qualit\u00e4t"},"content":{"rendered":"","protected":false},"excerpt":{"rendered":"<p>Hochwertige, kernhaltige, 8\u20139 mm gro\u00dfe, steinf\u00f6rmige wei\u00dfe Perlen mit au\u00dfergew\u00f6hnlichem Glanz und nahezu makelloser Oberfl\u00e4che.<\/p>","protected":false},"featured_media":38842,"comment_status":"open","ping_status":"closed","template":"","meta":[],"product_brand":[],"product_cat":[54,141],"product_tag":[91,82,85],"class_list":{"0":"post-38846","1":"product","2":"type-product","3":"status-publish","4":"has-post-thumbnail","6":"product_cat-freshwater-pearls-wholesale","7":"product_cat-promotions","8":"product_tag-full-drilled-pearls","9":"product_tag-medium-freshwater-pearls-wholesale","10":"product_tag-bulk-string-pearls","11":"pa_color-white-pearls","12":"pa_shape-flat-back-pearls","14":"first","15":"instock","16":"sale","17":"taxable","18":"shipping-taxable","19":"purchasable","20":"product-type-simple"},"tiered_pricing_type":"fixed","tiered_pricing_fixed_rules":[],"tiered_pricing_product_settings":{"layout":"default","base_unit_name":{"singular":null,"plural":null},"default_variation":null},"tiered_pricing_minimum_quantity":null,"tiered_pricing_roles_data":[],"tiered_pricing_percentage_rules":[],"tiered_pricing_maximum_quantity":null,"tiered_pricing_quantity_step":null,"_links":{"self":[{"href":"https:\/\/gretapearls.com\/de\/wp-json\/wp\/v2\/product\/38846","targetHints":{"allow":["GET"]}}],"collection":[{"href":"https:\/\/gretapearls.com\/de\/wp-json\/wp\/v2\/product"}],"about":[{"href":"https:\/\/gretapearls.com\/de\/wp-json\/wp\/v2\/types\/product"}],"replies":[{"embeddable":true,"href":"https:\/\/gretapearls.com\/de\/wp-json\/wp\/v2\/comments?post=38846"}],"wp:featuredmedia":[{"embeddable":true,"href":"https:\/\/gretapearls.com\/de\/wp-json\/wp\/v2\/media\/38842"}],"wp:attachment":[{"href":"https:\/\/gretapearls.com\/de\/wp-json\/wp\/v2\/media?parent=38846"}],"wp:term":[{"taxonomy":"product_brand","embeddable":true,"href":"https:\/\/gretapearls.com\/de\/wp-json\/wp\/v2\/product_brand?post=38846"},{"taxonomy":"product_cat","embeddable":true,"href":"https:\/\/gretapearls.com\/de\/wp-json\/wp\/v2\/product_cat?post=38846"},{"taxonomy":"product_tag","embeddable":true,"href":"https:\/\/gretapearls.com\/de\/wp-json\/wp\/v2\/product_tag?post=38846"}],"curies":[{"name":"wp","href":"https:\/\/api.w.org\/{rel}","templated":true}]}}