{"id":33789,"date":"2025-11-12T11:56:03","date_gmt":"2025-11-12T15:56:03","guid":{"rendered":"https:\/\/gretapearls.com\/en\/?post_type=product&#038;p=33789"},"modified":"2026-04-27T08:34:58","modified_gmt":"2026-04-27T12:34:58","slug":"3-mm-hellblaue-nahezu-runde-gefarbte-suswasserperle","status":"publish","type":"product","link":"https:\/\/gretapearls.com\/de\/shop\/3mm-light-blue-near-round-dyed-freshwater-pearl\/","title":{"rendered":"3 mm hellblaue, nahezu runde, gef\u00e4rbte S\u00fc\u00dfwasserperle"},"content":{"rendered":"","protected":false},"excerpt":{"rendered":"<p>Diese 3\u20133,5 mm gro\u00dfen, nahezu runden, gef\u00e4rbten S\u00fc\u00dfwasserperlen schimmern in einem zarten Hellblau. Sie zeichnen sich durch eine makellose Oberfl\u00e4che, einen sanften, irisierenden Glanz und eine gleichm\u00e4\u00dfige Gr\u00f6\u00dfe aus. Perfekt f\u00fcr minimalistische Halsketten, Lagenlooks oder als elegante Schmuckakzente.<\/p>","protected":false},"featured_media":33784,"comment_status":"open","ping_status":"closed","template":"","meta":[],"product_brand":[],"product_cat":[54,144,141],"product_tag":[91,81],"class_list":{"0":"post-33789","1":"product","2":"type-product","3":"status-publish","4":"has-post-thumbnail","6":"product_cat-freshwater-pearls-wholesale","7":"product_cat-dyed-pearls","8":"product_cat-promotions","9":"product_tag-full-drilled-pearls","10":"product_tag-small-freshwater-pearls-wholesale","11":"pa_color-colors-pearls","12":"pa_shape-round-pearls","14":"first","15":"instock","16":"sale","17":"taxable","18":"shipping-taxable","19":"purchasable","20":"product-type-simple"},"tiered_pricing_type":"fixed","tiered_pricing_fixed_rules":[],"tiered_pricing_product_settings":{"layout":"default","base_unit_name":{"singular":null,"plural":null},"default_variation":null},"tiered_pricing_minimum_quantity":null,"tiered_pricing_roles_data":[],"tiered_pricing_percentage_rules":[],"tiered_pricing_maximum_quantity":null,"tiered_pricing_quantity_step":null,"_links":{"self":[{"href":"https:\/\/gretapearls.com\/de\/wp-json\/wp\/v2\/product\/33789","targetHints":{"allow":["GET"]}}],"collection":[{"href":"https:\/\/gretapearls.com\/de\/wp-json\/wp\/v2\/product"}],"about":[{"href":"https:\/\/gretapearls.com\/de\/wp-json\/wp\/v2\/types\/product"}],"replies":[{"embeddable":true,"href":"https:\/\/gretapearls.com\/de\/wp-json\/wp\/v2\/comments?post=33789"}],"wp:featuredmedia":[{"embeddable":true,"href":"https:\/\/gretapearls.com\/de\/wp-json\/wp\/v2\/media\/33784"}],"wp:attachment":[{"href":"https:\/\/gretapearls.com\/de\/wp-json\/wp\/v2\/media?parent=33789"}],"wp:term":[{"taxonomy":"product_brand","embeddable":true,"href":"https:\/\/gretapearls.com\/de\/wp-json\/wp\/v2\/product_brand?post=33789"},{"taxonomy":"product_cat","embeddable":true,"href":"https:\/\/gretapearls.com\/de\/wp-json\/wp\/v2\/product_cat?post=33789"},{"taxonomy":"product_tag","embeddable":true,"href":"https:\/\/gretapearls.com\/de\/wp-json\/wp\/v2\/product_tag?post=33789"}],"curies":[{"name":"wp","href":"https:\/\/api.w.org\/{rel}","templated":true}]}}