{"id":33783,"date":"2025-11-12T11:55:36","date_gmt":"2025-11-12T15:55:36","guid":{"rendered":"https:\/\/gretapearls.com\/en\/?post_type=product&#038;p=33783"},"modified":"2026-04-27T08:28:16","modified_gmt":"2026-04-27T12:28:16","slug":"ein-paar-7-8-mm-grose-weise-hochglanzende-unregelmasig-runde-suswasserperlen","status":"publish","type":"product","link":"https:\/\/gretapearls.com\/de\/shop\/a-pair-of-7-8mm-white-high-luster-irregularly-round-freshwater-pearls\/","title":{"rendered":"Ein Paar 7-8 mm gro\u00dfe, wei\u00dfe, hochgl\u00e4nzende, unregelm\u00e4\u00dfig runde S\u00fc\u00dfwasserperlen"},"content":{"rendered":"","protected":false},"excerpt":{"rendered":"<p>Hierbei handelt es sich um Paare von 7\u20138 mm gro\u00dfen, wei\u00dfen S\u00fc\u00dfwasserperlen mit hohem Glanz und nahezu runder Barockform. Ihre reflektierenden Oberfl\u00e4chen weisen zarte rosa und silberne Schattierungen auf, die Perlmutt ist glatt. Sie eignen sich perfekt f\u00fcr die Herstellung von Ohrsteckern, Anh\u00e4ngern oder minimalistischem Schmuck.<\/p>","protected":false},"featured_media":33777,"comment_status":"open","ping_status":"closed","template":"","meta":[],"product_brand":[],"product_cat":[54,141],"product_tag":[89,87,82],"class_list":{"0":"post-33783","1":"product","2":"type-product","3":"status-publish","4":"has-post-thumbnail","6":"product_cat-freshwater-pearls-wholesale","7":"product_cat-promotions","8":"product_tag-half-drilled-pearls","9":"product_tag-matching-pearls","10":"product_tag-medium-freshwater-pearls-wholesale","11":"pa_color-white-pearls","12":"pa_shape-round-pearls","14":"first","15":"instock","16":"sale","17":"taxable","18":"shipping-taxable","19":"purchasable","20":"product-type-simple"},"tiered_pricing_type":"fixed","tiered_pricing_fixed_rules":[],"tiered_pricing_product_settings":{"layout":"default","base_unit_name":{"singular":null,"plural":null},"default_variation":null},"tiered_pricing_minimum_quantity":10,"tiered_pricing_roles_data":[],"tiered_pricing_percentage_rules":[],"tiered_pricing_maximum_quantity":null,"tiered_pricing_quantity_step":null,"_links":{"self":[{"href":"https:\/\/gretapearls.com\/de\/wp-json\/wp\/v2\/product\/33783","targetHints":{"allow":["GET"]}}],"collection":[{"href":"https:\/\/gretapearls.com\/de\/wp-json\/wp\/v2\/product"}],"about":[{"href":"https:\/\/gretapearls.com\/de\/wp-json\/wp\/v2\/types\/product"}],"replies":[{"embeddable":true,"href":"https:\/\/gretapearls.com\/de\/wp-json\/wp\/v2\/comments?post=33783"}],"wp:featuredmedia":[{"embeddable":true,"href":"https:\/\/gretapearls.com\/de\/wp-json\/wp\/v2\/media\/33777"}],"wp:attachment":[{"href":"https:\/\/gretapearls.com\/de\/wp-json\/wp\/v2\/media?parent=33783"}],"wp:term":[{"taxonomy":"product_brand","embeddable":true,"href":"https:\/\/gretapearls.com\/de\/wp-json\/wp\/v2\/product_brand?post=33783"},{"taxonomy":"product_cat","embeddable":true,"href":"https:\/\/gretapearls.com\/de\/wp-json\/wp\/v2\/product_cat?post=33783"},{"taxonomy":"product_tag","embeddable":true,"href":"https:\/\/gretapearls.com\/de\/wp-json\/wp\/v2\/product_tag?post=33783"}],"curies":[{"name":"wp","href":"https:\/\/api.w.org\/{rel}","templated":true}]}}