{"id":33751,"date":"2025-11-12T11:53:06","date_gmt":"2025-11-12T15:53:06","guid":{"rendered":"https:\/\/gretapearls.com\/en\/?post_type=product&#038;p=33751"},"modified":"2026-04-22T19:47:46","modified_gmt":"2026-04-22T23:47:46","slug":"10-mm-miniatur-schmetterlingsperle-unregelmasig-aus-naturlichem-suswasser","status":"publish","type":"product","link":"https:\/\/gretapearls.com\/de\/shop\/10mm-miniature-butterfly-irregular-natural-freshwater-pearl\/","title":{"rendered":"10 mm Miniatur-Schmetterlingsperle, unregelm\u00e4\u00dfig, aus nat\u00fcrlichem S\u00fc\u00dfwasser"},"content":{"rendered":"","protected":false},"excerpt":{"rendered":"<p>Diese 10 mm gro\u00dfen, nat\u00fcrlichen S\u00fc\u00dfwasserperlen in unregelm\u00e4\u00dfigen, schmetterlingsartigen Formen bestechen durch sanfte Wei\u00df-, Pfirsich- und Lavendelt\u00f6ne, einen leuchtenden, irisierenden Glanz und eine glatte Perlmuttoberfl\u00e4che. Sie eignen sich perfekt f\u00fcr die Gestaltung verspielter Halsketten, Ohrringe oder zarter, kunstvoller Schmuckst\u00fccke.<\/p>","protected":false},"featured_media":33747,"comment_status":"open","ping_status":"closed","template":"","meta":[],"product_brand":[],"product_cat":[54,124],"product_tag":[91,83,85],"class_list":{"0":"post-33751","1":"product","2":"type-product","3":"status-publish","4":"has-post-thumbnail","6":"product_cat-freshwater-pearls-wholesale","7":"product_cat-irregular-pearls","8":"product_tag-full-drilled-pearls","9":"product_tag-large-freshwater-pearls-wholesale","10":"product_tag-bulk-string-pearls","11":"pa_color-champagne-pearls","12":"pa_color-purple-pearls","13":"pa_color-white-pearls","14":"pa_shape-freeform-pearls","16":"first","17":"instock","18":"taxable","19":"shipping-taxable","20":"purchasable","21":"product-type-variable"},"tiered_pricing_type":"fixed","tiered_pricing_fixed_rules":[],"tiered_pricing_product_settings":{"layout":"default","base_unit_name":{"singular":null,"plural":null},"default_variation":null},"tiered_pricing_minimum_quantity":null,"tiered_pricing_roles_data":[],"tiered_pricing_percentage_rules":[],"tiered_pricing_maximum_quantity":null,"tiered_pricing_quantity_step":null,"_links":{"self":[{"href":"https:\/\/gretapearls.com\/de\/wp-json\/wp\/v2\/product\/33751","targetHints":{"allow":["GET"]}}],"collection":[{"href":"https:\/\/gretapearls.com\/de\/wp-json\/wp\/v2\/product"}],"about":[{"href":"https:\/\/gretapearls.com\/de\/wp-json\/wp\/v2\/types\/product"}],"replies":[{"embeddable":true,"href":"https:\/\/gretapearls.com\/de\/wp-json\/wp\/v2\/comments?post=33751"}],"wp:featuredmedia":[{"embeddable":true,"href":"https:\/\/gretapearls.com\/de\/wp-json\/wp\/v2\/media\/33747"}],"wp:attachment":[{"href":"https:\/\/gretapearls.com\/de\/wp-json\/wp\/v2\/media?parent=33751"}],"wp:term":[{"taxonomy":"product_brand","embeddable":true,"href":"https:\/\/gretapearls.com\/de\/wp-json\/wp\/v2\/product_brand?post=33751"},{"taxonomy":"product_cat","embeddable":true,"href":"https:\/\/gretapearls.com\/de\/wp-json\/wp\/v2\/product_cat?post=33751"},{"taxonomy":"product_tag","embeddable":true,"href":"https:\/\/gretapearls.com\/de\/wp-json\/wp\/v2\/product_tag?post=33751"}],"curies":[{"name":"wp","href":"https:\/\/api.w.org\/{rel}","templated":true}]}}