{"id":33727,"date":"2025-11-12T11:51:49","date_gmt":"2025-11-12T15:51:49","guid":{"rendered":"https:\/\/gretapearls.com\/en\/?post_type=product&#038;p=33727"},"modified":"2026-02-07T15:26:01","modified_gmt":"2026-02-07T20:26:01","slug":"premium-suswasserperlen-mit-kurzen-unregelmasigen-steinen","status":"publish","type":"product","link":"https:\/\/gretapearls.com\/de\/shop\/premium-odd-shaped-short-stones-natural-freshwater-pearls\/","title":{"rendered":"Hochwertige, unregelm\u00e4\u00dfig geformte, kurze Natur-S\u00fc\u00dfwasserperlen"},"content":{"rendered":"","protected":false},"excerpt":{"rendered":"<p>Diese hochwertigen Barock-S\u00fc\u00dfwasserperlen zeichnen sich durch unregelm\u00e4\u00dfige, kurze und pralle Formen sowie gerade L\u00f6cher aus. Sie weisen nat\u00fcrliche elfenbeinfarbene und zartrosa Nuancen mit feinem Glanz und glatter Perlmuttoberfl\u00e4che auf. Ideal f\u00fcr die Herstellung von Armb\u00e4ndern, Chokern oder Schmuckst\u00fccken im Vintage-Stil.<\/p>","protected":false},"featured_media":33723,"comment_status":"open","ping_status":"closed","template":"","meta":[],"product_brand":[],"product_cat":[54,124],"product_tag":[91,83,85],"class_list":{"0":"post-33727","1":"product","2":"type-product","3":"status-publish","4":"has-post-thumbnail","6":"product_cat-freshwater-pearls-wholesale","7":"product_cat-irregular-pearls","8":"product_tag-full-drilled-pearls","9":"product_tag-large-freshwater-pearls-wholesale","10":"product_tag-bulk-string-pearls","11":"pa_color-white-pearls","12":"pa_shape-freeform-pearls","14":"first","15":"instock","16":"taxable","17":"shipping-taxable","18":"purchasable","19":"product-type-variable"},"tiered_pricing_type":"fixed","tiered_pricing_fixed_rules":[],"tiered_pricing_product_settings":{"layout":"default","base_unit_name":{"singular":null,"plural":null},"default_variation":null},"tiered_pricing_minimum_quantity":null,"tiered_pricing_roles_data":[],"tiered_pricing_percentage_rules":[],"tiered_pricing_maximum_quantity":null,"tiered_pricing_quantity_step":null,"_links":{"self":[{"href":"https:\/\/gretapearls.com\/de\/wp-json\/wp\/v2\/product\/33727","targetHints":{"allow":["GET"]}}],"collection":[{"href":"https:\/\/gretapearls.com\/de\/wp-json\/wp\/v2\/product"}],"about":[{"href":"https:\/\/gretapearls.com\/de\/wp-json\/wp\/v2\/types\/product"}],"replies":[{"embeddable":true,"href":"https:\/\/gretapearls.com\/de\/wp-json\/wp\/v2\/comments?post=33727"}],"wp:featuredmedia":[{"embeddable":true,"href":"https:\/\/gretapearls.com\/de\/wp-json\/wp\/v2\/media\/33723"}],"wp:attachment":[{"href":"https:\/\/gretapearls.com\/de\/wp-json\/wp\/v2\/media?parent=33727"}],"wp:term":[{"taxonomy":"product_brand","embeddable":true,"href":"https:\/\/gretapearls.com\/de\/wp-json\/wp\/v2\/product_brand?post=33727"},{"taxonomy":"product_cat","embeddable":true,"href":"https:\/\/gretapearls.com\/de\/wp-json\/wp\/v2\/product_cat?post=33727"},{"taxonomy":"product_tag","embeddable":true,"href":"https:\/\/gretapearls.com\/de\/wp-json\/wp\/v2\/product_tag?post=33727"}],"curies":[{"name":"wp","href":"https:\/\/api.w.org\/{rel}","templated":true}]}}