{"id":33718,"date":"2025-11-12T11:51:26","date_gmt":"2025-11-12T15:51:26","guid":{"rendered":"https:\/\/gretapearls.com\/en\/?post_type=product&#038;p=33718"},"modified":"2026-02-07T15:26:01","modified_gmt":"2026-02-07T20:26:01","slug":"hochwertige-unregelmasige-biwa-naturperlen-aus-suswasser-mit-mittlerer-lochgrose","status":"publish","type":"product","link":"https:\/\/gretapearls.com\/de\/shop\/high-quality-medium-hole-irregular-biwa-natural-freshwater-pearls\/","title":{"rendered":"Hochwertige, unregelm\u00e4\u00dfige Biwa-Naturperlen aus S\u00fc\u00dfwasser mit mittlerem Loch"},"content":{"rendered":"","protected":false},"excerpt":{"rendered":"<p>Diese Biwa-f\u00f6rmigen S\u00fc\u00dfwasserperlen im Barockstil weisen seitliche L\u00f6cher und eine unregelm\u00e4\u00dfige, l\u00e4ngliche Form auf. Sie zeigen einen nat\u00fcrlichen Glanz in Lavendel-, Pfirsich- und Elfenbeint\u00f6nen, mit glatter Perlmuttoberfl\u00e4che und organischer Textur. Sie eignen sich perfekt f\u00fcr die Anfertigung einzigartiger Halsketten, Armb\u00e4nder oder kunstvoller Modeschmuckst\u00fccke.<\/p>","protected":false},"featured_media":33716,"comment_status":"open","ping_status":"closed","template":"","meta":[],"product_brand":[],"product_cat":[54,56,124],"product_tag":[91,83,85],"class_list":{"0":"post-33718","1":"product","2":"type-product","3":"status-publish","4":"has-post-thumbnail","6":"product_cat-freshwater-pearls-wholesale","7":"product_cat-baroque-pearls-wholesale","8":"product_cat-irregular-pearls","9":"product_tag-full-drilled-pearls","10":"product_tag-large-freshwater-pearls-wholesale","11":"product_tag-bulk-string-pearls","12":"pa_color-champagne-pearls","13":"pa_color-purple-pearls","14":"pa_color-white-pearls","15":"pa_shape-biwa-pearls","17":"first","18":"instock","19":"taxable","20":"shipping-taxable","21":"purchasable","22":"product-type-variable"},"tiered_pricing_type":"fixed","tiered_pricing_fixed_rules":[],"tiered_pricing_product_settings":{"layout":"default","base_unit_name":{"singular":null,"plural":null},"default_variation":null},"tiered_pricing_minimum_quantity":null,"tiered_pricing_roles_data":[],"tiered_pricing_percentage_rules":[],"tiered_pricing_maximum_quantity":null,"tiered_pricing_quantity_step":null,"_links":{"self":[{"href":"https:\/\/gretapearls.com\/de\/wp-json\/wp\/v2\/product\/33718","targetHints":{"allow":["GET"]}}],"collection":[{"href":"https:\/\/gretapearls.com\/de\/wp-json\/wp\/v2\/product"}],"about":[{"href":"https:\/\/gretapearls.com\/de\/wp-json\/wp\/v2\/types\/product"}],"replies":[{"embeddable":true,"href":"https:\/\/gretapearls.com\/de\/wp-json\/wp\/v2\/comments?post=33718"}],"wp:featuredmedia":[{"embeddable":true,"href":"https:\/\/gretapearls.com\/de\/wp-json\/wp\/v2\/media\/33716"}],"wp:attachment":[{"href":"https:\/\/gretapearls.com\/de\/wp-json\/wp\/v2\/media?parent=33718"}],"wp:term":[{"taxonomy":"product_brand","embeddable":true,"href":"https:\/\/gretapearls.com\/de\/wp-json\/wp\/v2\/product_brand?post=33718"},{"taxonomy":"product_cat","embeddable":true,"href":"https:\/\/gretapearls.com\/de\/wp-json\/wp\/v2\/product_cat?post=33718"},{"taxonomy":"product_tag","embeddable":true,"href":"https:\/\/gretapearls.com\/de\/wp-json\/wp\/v2\/product_tag?post=33718"}],"curies":[{"name":"wp","href":"https:\/\/api.w.org\/{rel}","templated":true}]}}