{"id":32929,"date":"2025-10-28T11:52:09","date_gmt":"2025-10-28T15:52:09","guid":{"rendered":"https:\/\/gretapearls.com\/en\/?post_type=product&#038;p=32929"},"modified":"2026-04-16T11:43:30","modified_gmt":"2026-04-16T15:43:30","slug":"5-6-mm-grose-naturliche-weise-aufgefadelte-suswasserperlen-im-kartoffelstil","status":"publish","type":"product","link":"https:\/\/gretapearls.com\/de\/shop\/5-6mm-natural-white-threaded-potato-freshwater-pearls\/","title":{"rendered":"5-6 mm gro\u00dfe, nat\u00fcrliche, wei\u00dfe, gewindete S\u00fc\u00dfwasserperlen in Kartoffelform"},"content":{"rendered":"","protected":false},"excerpt":{"rendered":"<p>Diese 5\u20136 mm gro\u00dfen, nat\u00fcrlichen S\u00fc\u00dfwasserperlen in Kartoffelform weisen eine dezente Spiralrille auf. Sie schimmern in zarten Wei\u00df-, Pfirsich- und Lavendelt\u00f6nen, haben einen strahlenden Glanz und eine glatte Oberfl\u00e4che. Ideal zum Basteln von Halsketten, Armb\u00e4ndern, Ohrringen oder anderem DIY-Schmuck.<\/p>","protected":false},"featured_media":32922,"comment_status":"open","ping_status":"closed","template":"","meta":[],"product_brand":[],"product_cat":[54],"product_tag":[91,82,85],"class_list":{"0":"post-32929","1":"product","2":"type-product","3":"status-publish","4":"has-post-thumbnail","6":"product_cat-freshwater-pearls-wholesale","7":"product_tag-full-drilled-pearls","8":"product_tag-medium-freshwater-pearls-wholesale","9":"product_tag-bulk-string-pearls","10":"pa_color-champagne-pearls","11":"pa_color-purple-pearls","12":"pa_color-white-pearls","13":"pa_shape-potato-pearls","15":"first","16":"instock","17":"taxable","18":"shipping-taxable","19":"purchasable","20":"product-type-variable"},"tiered_pricing_type":"fixed","tiered_pricing_fixed_rules":[],"tiered_pricing_product_settings":{"layout":"default","base_unit_name":{"singular":null,"plural":null},"default_variation":null},"tiered_pricing_minimum_quantity":null,"tiered_pricing_roles_data":[],"tiered_pricing_percentage_rules":[],"tiered_pricing_maximum_quantity":null,"tiered_pricing_quantity_step":null,"_links":{"self":[{"href":"https:\/\/gretapearls.com\/de\/wp-json\/wp\/v2\/product\/32929","targetHints":{"allow":["GET"]}}],"collection":[{"href":"https:\/\/gretapearls.com\/de\/wp-json\/wp\/v2\/product"}],"about":[{"href":"https:\/\/gretapearls.com\/de\/wp-json\/wp\/v2\/types\/product"}],"replies":[{"embeddable":true,"href":"https:\/\/gretapearls.com\/de\/wp-json\/wp\/v2\/comments?post=32929"}],"wp:featuredmedia":[{"embeddable":true,"href":"https:\/\/gretapearls.com\/de\/wp-json\/wp\/v2\/media\/32922"}],"wp:attachment":[{"href":"https:\/\/gretapearls.com\/de\/wp-json\/wp\/v2\/media?parent=32929"}],"wp:term":[{"taxonomy":"product_brand","embeddable":true,"href":"https:\/\/gretapearls.com\/de\/wp-json\/wp\/v2\/product_brand?post=32929"},{"taxonomy":"product_cat","embeddable":true,"href":"https:\/\/gretapearls.com\/de\/wp-json\/wp\/v2\/product_cat?post=32929"},{"taxonomy":"product_tag","embeddable":true,"href":"https:\/\/gretapearls.com\/de\/wp-json\/wp\/v2\/product_tag?post=32929"}],"curies":[{"name":"wp","href":"https:\/\/api.w.org\/{rel}","templated":true}]}}