{"id":32763,"date":"2025-10-28T11:38:09","date_gmt":"2025-10-28T15:38:09","guid":{"rendered":"https:\/\/gretapearls.com\/en\/?post_type=product&#038;p=32763"},"modified":"2026-02-07T11:07:31","modified_gmt":"2026-02-07T16:07:31","slug":"45-mm-grose-weise-hochglanzende-geriffelte-reisformige-suswasserperlen","status":"publish","type":"product","link":"https:\/\/gretapearls.com\/de\/shop\/4-5mm-white-high-luster-ridged-rice-shaped-freshwater-pearls\/","title":{"rendered":"4-5 mm wei\u00dfe, hochgl\u00e4nzende, geriffelte, reisf\u00f6rmige S\u00fc\u00dfwasserperlen"},"content":{"rendered":"","protected":false},"excerpt":{"rendered":"<p>Diese 4\u20135 mm gro\u00dfen, nat\u00fcrlichen S\u00fc\u00dfwasserperlen in Reiskornform bestechen durch ihre spiralf\u00f6rmige Struktur und wirken dadurch besonders dezent. Sie haben einen sanften, wei\u00dfen Glanz, leichte Unregelm\u00e4\u00dfigkeiten und werden als lose Perlen zum Selbermachen geliefert. Ideal f\u00fcr die Gestaltung von Halsketten und Armb\u00e4ndern im Boho- oder minimalistischen Stil.<\/p>","protected":false},"featured_media":32757,"comment_status":"open","ping_status":"closed","template":"","meta":[],"product_brand":[],"product_cat":[54],"product_tag":[91],"class_list":{"0":"post-32763","1":"product","2":"type-product","3":"status-publish","4":"has-post-thumbnail","6":"product_cat-freshwater-pearls-wholesale","7":"product_tag-full-drilled-pearls","8":"pa_color-white-pearls","9":"pa_shape-rice-pearls","11":"first","12":"instock","13":"taxable","14":"shipping-taxable","15":"purchasable","16":"product-type-simple"},"tiered_pricing_type":"fixed","tiered_pricing_fixed_rules":[],"tiered_pricing_product_settings":{"layout":"default","base_unit_name":{"singular":null,"plural":null},"default_variation":null},"tiered_pricing_minimum_quantity":null,"tiered_pricing_roles_data":[],"tiered_pricing_percentage_rules":[],"tiered_pricing_maximum_quantity":null,"tiered_pricing_quantity_step":null,"_links":{"self":[{"href":"https:\/\/gretapearls.com\/de\/wp-json\/wp\/v2\/product\/32763","targetHints":{"allow":["GET"]}}],"collection":[{"href":"https:\/\/gretapearls.com\/de\/wp-json\/wp\/v2\/product"}],"about":[{"href":"https:\/\/gretapearls.com\/de\/wp-json\/wp\/v2\/types\/product"}],"replies":[{"embeddable":true,"href":"https:\/\/gretapearls.com\/de\/wp-json\/wp\/v2\/comments?post=32763"}],"wp:featuredmedia":[{"embeddable":true,"href":"https:\/\/gretapearls.com\/de\/wp-json\/wp\/v2\/media\/32757"}],"wp:attachment":[{"href":"https:\/\/gretapearls.com\/de\/wp-json\/wp\/v2\/media?parent=32763"}],"wp:term":[{"taxonomy":"product_brand","embeddable":true,"href":"https:\/\/gretapearls.com\/de\/wp-json\/wp\/v2\/product_brand?post=32763"},{"taxonomy":"product_cat","embeddable":true,"href":"https:\/\/gretapearls.com\/de\/wp-json\/wp\/v2\/product_cat?post=32763"},{"taxonomy":"product_tag","embeddable":true,"href":"https:\/\/gretapearls.com\/de\/wp-json\/wp\/v2\/product_tag?post=32763"}],"curies":[{"name":"wp","href":"https:\/\/api.w.org\/{rel}","templated":true}]}}