{"id":32722,"date":"2025-10-28T11:35:18","date_gmt":"2025-10-28T15:35:18","guid":{"rendered":"https:\/\/gretapearls.com\/en\/?post_type=product&#038;p=32722"},"modified":"2026-02-07T11:07:40","modified_gmt":"2026-02-07T16:07:40","slug":"5-6-mm-suswasserperlen-in-naturfarbe-kartoffelform","status":"publish","type":"product","link":"https:\/\/gretapearls.com\/de\/shop\/5-6mm-nature-color-potato-freshwater-pearls\/","title":{"rendered":"5-6 mm S\u00fc\u00dfwasserperlen in Naturfarben (Kartoffelform)"},"content":{"rendered":"","protected":false},"excerpt":{"rendered":"<p>Diese halbfertigen, losen S\u00fc\u00dfwasser-Kartoffelperlen sind 5\u20136 mm gro\u00df und schimmern in zarten Rosa- und Lilat\u00f6nen. Ihre kartoffelf\u00f6rmige Gestalt weist leichte Unregelm\u00e4\u00dfigkeiten auf und sie gl\u00e4nzen dezent. Perfekt f\u00fcr selbstgemachte Halsketten, Armb\u00e4nder und Boho-Chic-Schmuck.<\/p>","protected":false},"featured_media":32715,"comment_status":"open","ping_status":"closed","template":"","meta":[],"product_brand":[],"product_cat":[54],"product_tag":[91,82,85],"class_list":{"0":"post-32722","1":"product","2":"type-product","3":"status-publish","4":"has-post-thumbnail","6":"product_cat-freshwater-pearls-wholesale","7":"product_tag-full-drilled-pearls","8":"product_tag-medium-freshwater-pearls-wholesale","9":"product_tag-bulk-string-pearls","10":"pa_color-champagne-pearls","11":"pa_color-purple-pearls","12":"pa_color-white-pearls","13":"pa_shape-potato-pearls","15":"first","16":"instock","17":"taxable","18":"shipping-taxable","19":"purchasable","20":"product-type-variable"},"tiered_pricing_type":"fixed","tiered_pricing_fixed_rules":[],"tiered_pricing_product_settings":{"layout":"default","base_unit_name":{"singular":null,"plural":null},"default_variation":null},"tiered_pricing_minimum_quantity":null,"tiered_pricing_roles_data":[],"tiered_pricing_percentage_rules":[],"tiered_pricing_maximum_quantity":null,"tiered_pricing_quantity_step":null,"_links":{"self":[{"href":"https:\/\/gretapearls.com\/de\/wp-json\/wp\/v2\/product\/32722","targetHints":{"allow":["GET"]}}],"collection":[{"href":"https:\/\/gretapearls.com\/de\/wp-json\/wp\/v2\/product"}],"about":[{"href":"https:\/\/gretapearls.com\/de\/wp-json\/wp\/v2\/types\/product"}],"replies":[{"embeddable":true,"href":"https:\/\/gretapearls.com\/de\/wp-json\/wp\/v2\/comments?post=32722"}],"wp:featuredmedia":[{"embeddable":true,"href":"https:\/\/gretapearls.com\/de\/wp-json\/wp\/v2\/media\/32715"}],"wp:attachment":[{"href":"https:\/\/gretapearls.com\/de\/wp-json\/wp\/v2\/media?parent=32722"}],"wp:term":[{"taxonomy":"product_brand","embeddable":true,"href":"https:\/\/gretapearls.com\/de\/wp-json\/wp\/v2\/product_brand?post=32722"},{"taxonomy":"product_cat","embeddable":true,"href":"https:\/\/gretapearls.com\/de\/wp-json\/wp\/v2\/product_cat?post=32722"},{"taxonomy":"product_tag","embeddable":true,"href":"https:\/\/gretapearls.com\/de\/wp-json\/wp\/v2\/product_tag?post=32722"}],"curies":[{"name":"wp","href":"https:\/\/api.w.org\/{rel}","templated":true}]}}