{"id":32530,"date":"2025-10-17T12:47:38","date_gmt":"2025-10-17T16:47:38","guid":{"rendered":"https:\/\/gretapearls.com\/en\/?post_type=product&#038;p=32530"},"modified":"2026-02-07T11:07:31","modified_gmt":"2026-02-07T16:07:31","slug":"2-5-3-mm-violette-naturliche-suswasserperlen-aus-kartoffelschalen","status":"publish","type":"product","link":"https:\/\/gretapearls.com\/de\/shop\/2-5-3mm-purple-natural-potato-freshwater-pearls\/","title":{"rendered":"2,5-3 mm violette nat\u00fcrliche S\u00fc\u00dfwasserperlen in Kartoffelform"},"content":{"rendered":"","protected":false},"excerpt":{"rendered":"<p>Diese Perlenkette besteht aus ca. 150 nat\u00fcrlichen S\u00fc\u00dfwasserperlen mit einem Durchmesser von 2,5\u20133 mm in einer zarten, barocken Kartoffelform. Die kleinen violetten Perlen weisen einen sanften Glanz und eine feine Oberfl\u00e4chenstruktur auf und sind 38 cm lang. Ideal zum Kombinieren mit anderen Perlenketten oder zum Anfertigen von zierlichen Halsketten, Armb\u00e4ndern und minimalistischen Ohrringen.<\/p>","protected":false},"featured_media":32524,"comment_status":"open","ping_status":"closed","template":"","meta":[],"product_brand":[],"product_cat":[144],"product_tag":[91,81,85],"class_list":{"0":"post-32530","1":"product","2":"type-product","3":"status-publish","4":"has-post-thumbnail","6":"product_cat-dyed-pearls","7":"product_tag-full-drilled-pearls","8":"product_tag-small-freshwater-pearls-wholesale","9":"product_tag-bulk-string-pearls","10":"pa_color-purple-pearls","11":"pa_shape-potato-pearls","13":"first","14":"instock","15":"taxable","16":"shipping-taxable","17":"purchasable","18":"product-type-simple"},"tiered_pricing_type":"fixed","tiered_pricing_fixed_rules":[],"tiered_pricing_product_settings":{"layout":"default","base_unit_name":{"singular":null,"plural":null},"default_variation":null},"tiered_pricing_minimum_quantity":null,"tiered_pricing_roles_data":[],"tiered_pricing_percentage_rules":[],"tiered_pricing_maximum_quantity":null,"tiered_pricing_quantity_step":null,"_links":{"self":[{"href":"https:\/\/gretapearls.com\/de\/wp-json\/wp\/v2\/product\/32530","targetHints":{"allow":["GET"]}}],"collection":[{"href":"https:\/\/gretapearls.com\/de\/wp-json\/wp\/v2\/product"}],"about":[{"href":"https:\/\/gretapearls.com\/de\/wp-json\/wp\/v2\/types\/product"}],"replies":[{"embeddable":true,"href":"https:\/\/gretapearls.com\/de\/wp-json\/wp\/v2\/comments?post=32530"}],"wp:featuredmedia":[{"embeddable":true,"href":"https:\/\/gretapearls.com\/de\/wp-json\/wp\/v2\/media\/32524"}],"wp:attachment":[{"href":"https:\/\/gretapearls.com\/de\/wp-json\/wp\/v2\/media?parent=32530"}],"wp:term":[{"taxonomy":"product_brand","embeddable":true,"href":"https:\/\/gretapearls.com\/de\/wp-json\/wp\/v2\/product_brand?post=32530"},{"taxonomy":"product_cat","embeddable":true,"href":"https:\/\/gretapearls.com\/de\/wp-json\/wp\/v2\/product_cat?post=32530"},{"taxonomy":"product_tag","embeddable":true,"href":"https:\/\/gretapearls.com\/de\/wp-json\/wp\/v2\/product_tag?post=32530"}],"curies":[{"name":"wp","href":"https:\/\/api.w.org\/{rel}","templated":true}]}}