{"id":32425,"date":"2025-10-17T12:17:29","date_gmt":"2025-10-17T16:17:29","guid":{"rendered":"https:\/\/gretapearls.com\/en\/?post_type=product&#038;p=32425"},"modified":"2026-02-07T11:07:31","modified_gmt":"2026-02-07T16:07:31","slug":"3-x-3-x-5-mm-grose-naturliche-glatte-hochglanzende-reisformige-perlenkette","status":"publish","type":"product","link":"https:\/\/gretapearls.com\/de\/shop\/3-3-5mm-natural-smooth-high-luster-rice-shaped-pearl-strand\/","title":{"rendered":"3\u20133,5 mm gro\u00dfe, nat\u00fcrliche, glatte, hochgl\u00e4nzende, reisf\u00f6rmige Perlenkette"},"content":{"rendered":"","protected":false},"excerpt":{"rendered":"<p>Nat\u00fcrliche S\u00fc\u00dfwasserperlen, 3\u20133,5 mm gro\u00df, reisf\u00f6rmig und glatt. Auf einer 37 cm langen Kette mit 80 Perlen aufgef\u00e4delt, jede einzelne strahlend wei\u00df mit starkem Glanz. Ideal f\u00fcr zarte, mehrlagige Halsketten oder Armb\u00e4nder, f\u00fcr den Alltag und als Brautschmuck.<\/p>","protected":false},"featured_media":32420,"comment_status":"open","ping_status":"closed","template":"","meta":[],"product_brand":[],"product_cat":[54],"product_tag":[91,81,85],"class_list":{"0":"post-32425","1":"product","2":"type-product","3":"status-publish","4":"has-post-thumbnail","6":"product_cat-freshwater-pearls-wholesale","7":"product_tag-full-drilled-pearls","8":"product_tag-small-freshwater-pearls-wholesale","9":"product_tag-bulk-string-pearls","10":"pa_color-white-pearls","11":"pa_shape-rice-pearls","13":"first","14":"instock","15":"taxable","16":"shipping-taxable","17":"purchasable","18":"product-type-simple"},"tiered_pricing_type":"fixed","tiered_pricing_fixed_rules":[],"tiered_pricing_product_settings":{"layout":"default","base_unit_name":{"singular":null,"plural":null},"default_variation":null},"tiered_pricing_minimum_quantity":null,"tiered_pricing_roles_data":[],"tiered_pricing_percentage_rules":[],"tiered_pricing_maximum_quantity":null,"tiered_pricing_quantity_step":null,"_links":{"self":[{"href":"https:\/\/gretapearls.com\/de\/wp-json\/wp\/v2\/product\/32425","targetHints":{"allow":["GET"]}}],"collection":[{"href":"https:\/\/gretapearls.com\/de\/wp-json\/wp\/v2\/product"}],"about":[{"href":"https:\/\/gretapearls.com\/de\/wp-json\/wp\/v2\/types\/product"}],"replies":[{"embeddable":true,"href":"https:\/\/gretapearls.com\/de\/wp-json\/wp\/v2\/comments?post=32425"}],"wp:featuredmedia":[{"embeddable":true,"href":"https:\/\/gretapearls.com\/de\/wp-json\/wp\/v2\/media\/32420"}],"wp:attachment":[{"href":"https:\/\/gretapearls.com\/de\/wp-json\/wp\/v2\/media?parent=32425"}],"wp:term":[{"taxonomy":"product_brand","embeddable":true,"href":"https:\/\/gretapearls.com\/de\/wp-json\/wp\/v2\/product_brand?post=32425"},{"taxonomy":"product_cat","embeddable":true,"href":"https:\/\/gretapearls.com\/de\/wp-json\/wp\/v2\/product_cat?post=32425"},{"taxonomy":"product_tag","embeddable":true,"href":"https:\/\/gretapearls.com\/de\/wp-json\/wp\/v2\/product_tag?post=32425"}],"curies":[{"name":"wp","href":"https:\/\/api.w.org\/{rel}","templated":true}]}}