{"id":32405,"date":"2025-10-17T12:16:01","date_gmt":"2025-10-17T16:16:01","guid":{"rendered":"https:\/\/gretapearls.com\/en\/?post_type=product&#038;p=32405"},"modified":"2026-02-07T11:07:31","modified_gmt":"2026-02-07T16:07:31","slug":"9-x-11-mm-weise-naturliche-barock-edison-suswasserperlenstrange","status":"publish","type":"product","link":"https:\/\/gretapearls.com\/de\/shop\/9-11mm-white-natural-baroque-edison-freshwater-pearl-strand\/","title":{"rendered":"9-11 mm wei\u00dfe, nat\u00fcrliche Barock-Edison-S\u00fc\u00dfwasserperlenkette"},"content":{"rendered":"","protected":false},"excerpt":{"rendered":"<p>Diese ca. 40 cm lange Perlenkette besteht aus 38 wei\u00dfen Edison-Perlen im Barockschliff, jede 9\u201311 mm gro\u00df. Sie haben einen sanften Glanz und Unregelm\u00e4\u00dfigkeiten, die den individuellen Charakter jeder Perle unterstreichen. Ideal f\u00fcr auff\u00e4llige oder kombinierte Schmuckst\u00fccke, passt sie sowohl zu legeren als auch zu eleganten Outfits.<\/p>","protected":false},"featured_media":32400,"comment_status":"open","ping_status":"closed","template":"","meta":[],"product_brand":[],"product_cat":[54],"product_tag":[91,83,85],"class_list":{"0":"post-32405","1":"product","2":"type-product","3":"status-publish","4":"has-post-thumbnail","6":"product_cat-freshwater-pearls-wholesale","7":"product_tag-full-drilled-pearls","8":"product_tag-large-freshwater-pearls-wholesale","9":"product_tag-bulk-string-pearls","10":"pa_color-white-pearls","11":"pa_shape-round-pearls","13":"first","14":"instock","15":"taxable","16":"shipping-taxable","17":"purchasable","18":"product-type-simple"},"tiered_pricing_type":"fixed","tiered_pricing_fixed_rules":[],"tiered_pricing_product_settings":{"layout":"default","base_unit_name":{"singular":null,"plural":null},"default_variation":null},"tiered_pricing_minimum_quantity":null,"tiered_pricing_roles_data":[],"tiered_pricing_percentage_rules":[],"tiered_pricing_maximum_quantity":null,"tiered_pricing_quantity_step":null,"_links":{"self":[{"href":"https:\/\/gretapearls.com\/de\/wp-json\/wp\/v2\/product\/32405","targetHints":{"allow":["GET"]}}],"collection":[{"href":"https:\/\/gretapearls.com\/de\/wp-json\/wp\/v2\/product"}],"about":[{"href":"https:\/\/gretapearls.com\/de\/wp-json\/wp\/v2\/types\/product"}],"replies":[{"embeddable":true,"href":"https:\/\/gretapearls.com\/de\/wp-json\/wp\/v2\/comments?post=32405"}],"wp:featuredmedia":[{"embeddable":true,"href":"https:\/\/gretapearls.com\/de\/wp-json\/wp\/v2\/media\/32400"}],"wp:attachment":[{"href":"https:\/\/gretapearls.com\/de\/wp-json\/wp\/v2\/media?parent=32405"}],"wp:term":[{"taxonomy":"product_brand","embeddable":true,"href":"https:\/\/gretapearls.com\/de\/wp-json\/wp\/v2\/product_brand?post=32405"},{"taxonomy":"product_cat","embeddable":true,"href":"https:\/\/gretapearls.com\/de\/wp-json\/wp\/v2\/product_cat?post=32405"},{"taxonomy":"product_tag","embeddable":true,"href":"https:\/\/gretapearls.com\/de\/wp-json\/wp\/v2\/product_tag?post=32405"}],"curies":[{"name":"wp","href":"https:\/\/api.w.org\/{rel}","templated":true}]}}