{"id":32270,"date":"2025-10-17T12:06:10","date_gmt":"2025-10-17T16:06:10","guid":{"rendered":"https:\/\/gretapearls.com\/en\/?post_type=product&#038;p=32270"},"modified":"2026-02-07T11:07:25","modified_gmt":"2026-02-07T16:07:25","slug":"strang-aus-10-11-mm-grosen-bonbonfarbenen-suswasserperlen-im-barockwurfel-design","status":"publish","type":"product","link":"https:\/\/gretapearls.com\/de\/shop\/10-11mm-candy-colored-baroque-cube-freshwater-pearl-strand\/","title":{"rendered":"10-11 mm gro\u00dfe, bonbonfarbene S\u00fc\u00dfwasserperlenkette im Barock-W\u00fcrfelschliff"},"content":{"rendered":"","protected":false},"excerpt":{"rendered":"<p>S\u00fc\u00dfwasser-Barockperlen in W\u00fcrfelform sind etwa 10\u201311 mm breit und 16\u201317 mm lang. Sie zeichnen sich durch einen sanften wei\u00dfen Schimmer, hohen Glanz und leichte Oberfl\u00e4chenunregelm\u00e4\u00dfigkeiten aus. Die 21-Perlen-Kette eignet sich ideal f\u00fcr Halsketten, Armb\u00e4nder und Ohrringe.<\/p>","protected":false},"featured_media":32265,"comment_status":"open","ping_status":"closed","template":"","meta":[],"product_brand":[],"product_cat":[124,56],"product_tag":[91,83,85],"class_list":{"0":"post-32270","1":"product","2":"type-product","3":"status-publish","4":"has-post-thumbnail","6":"product_cat-irregular-pearls","7":"product_cat-baroque-pearls-wholesale","8":"product_tag-full-drilled-pearls","9":"product_tag-large-freshwater-pearls-wholesale","10":"product_tag-bulk-string-pearls","11":"pa_color-white-pearls","12":"pa_shape-square-pearls","14":"first","15":"instock","16":"taxable","17":"shipping-taxable","18":"purchasable","19":"product-type-simple"},"tiered_pricing_type":"fixed","tiered_pricing_fixed_rules":[],"tiered_pricing_product_settings":{"layout":"default","base_unit_name":{"singular":null,"plural":null},"default_variation":null},"tiered_pricing_minimum_quantity":null,"tiered_pricing_roles_data":[],"tiered_pricing_percentage_rules":[],"tiered_pricing_maximum_quantity":null,"tiered_pricing_quantity_step":null,"_links":{"self":[{"href":"https:\/\/gretapearls.com\/de\/wp-json\/wp\/v2\/product\/32270","targetHints":{"allow":["GET"]}}],"collection":[{"href":"https:\/\/gretapearls.com\/de\/wp-json\/wp\/v2\/product"}],"about":[{"href":"https:\/\/gretapearls.com\/de\/wp-json\/wp\/v2\/types\/product"}],"replies":[{"embeddable":true,"href":"https:\/\/gretapearls.com\/de\/wp-json\/wp\/v2\/comments?post=32270"}],"wp:featuredmedia":[{"embeddable":true,"href":"https:\/\/gretapearls.com\/de\/wp-json\/wp\/v2\/media\/32265"}],"wp:attachment":[{"href":"https:\/\/gretapearls.com\/de\/wp-json\/wp\/v2\/media?parent=32270"}],"wp:term":[{"taxonomy":"product_brand","embeddable":true,"href":"https:\/\/gretapearls.com\/de\/wp-json\/wp\/v2\/product_brand?post=32270"},{"taxonomy":"product_cat","embeddable":true,"href":"https:\/\/gretapearls.com\/de\/wp-json\/wp\/v2\/product_cat?post=32270"},{"taxonomy":"product_tag","embeddable":true,"href":"https:\/\/gretapearls.com\/de\/wp-json\/wp\/v2\/product_tag?post=32270"}],"curies":[{"name":"wp","href":"https:\/\/api.w.org\/{rel}","templated":true}]}}