{"id":32223,"date":"2025-10-17T12:02:32","date_gmt":"2025-10-17T16:02:32","guid":{"rendered":"https:\/\/gretapearls.com\/en\/?post_type=product&#038;p=32223"},"modified":"2026-02-07T11:07:23","modified_gmt":"2026-02-07T16:07:23","slug":"10-11-mm-grose-violette-naturliche-barocke-suswasserperlen-im-knopfdesign","status":"publish","type":"product","link":"https:\/\/gretapearls.com\/de\/shop\/10-11mm-purple-natural-button-baroque-freshwater-pearls\/","title":{"rendered":"10-11 mm violette nat\u00fcrliche Knopf-Barock-S\u00fc\u00dfwasserperlen"},"content":{"rendered":"","protected":false},"excerpt":{"rendered":"<p>Diese 10\u201311 mm gro\u00dfen S\u00fc\u00dfwasser-Barockperlen in Knopfform weisen einen nat\u00fcrlichen violetten Farbton auf (nat\u00fcrliche Farbvariation). Sie haben eine nat\u00fcrliche Rippenstruktur und sind in Str\u00e4ngen mit 32 Perlen erh\u00e4ltlich. Sie eignen sich perfekt f\u00fcr selbstgemachte Halsketten, Armb\u00e4nder oder Ohrringe und lassen sich im Boho-, modernen oder minimalistischen Stil kreieren.<\/p>","protected":false},"featured_media":32218,"comment_status":"open","ping_status":"closed","template":"","meta":[],"product_brand":[],"product_cat":[124,56],"product_tag":[91,83,85],"class_list":{"0":"post-32223","1":"product","2":"type-product","3":"status-publish","4":"has-post-thumbnail","6":"product_cat-irregular-pearls","7":"product_cat-baroque-pearls-wholesale","8":"product_tag-full-drilled-pearls","9":"product_tag-large-freshwater-pearls-wholesale","10":"product_tag-bulk-string-pearls","11":"pa_color-purple-pearls","12":"pa_shape-coin-pearls","14":"first","15":"instock","16":"taxable","17":"shipping-taxable","18":"purchasable","19":"product-type-simple"},"tiered_pricing_type":"fixed","tiered_pricing_fixed_rules":[],"tiered_pricing_product_settings":{"layout":"default","base_unit_name":{"singular":null,"plural":null},"default_variation":null},"tiered_pricing_minimum_quantity":null,"tiered_pricing_roles_data":[],"tiered_pricing_percentage_rules":[],"tiered_pricing_maximum_quantity":null,"tiered_pricing_quantity_step":null,"_links":{"self":[{"href":"https:\/\/gretapearls.com\/de\/wp-json\/wp\/v2\/product\/32223","targetHints":{"allow":["GET"]}}],"collection":[{"href":"https:\/\/gretapearls.com\/de\/wp-json\/wp\/v2\/product"}],"about":[{"href":"https:\/\/gretapearls.com\/de\/wp-json\/wp\/v2\/types\/product"}],"replies":[{"embeddable":true,"href":"https:\/\/gretapearls.com\/de\/wp-json\/wp\/v2\/comments?post=32223"}],"wp:featuredmedia":[{"embeddable":true,"href":"https:\/\/gretapearls.com\/de\/wp-json\/wp\/v2\/media\/32218"}],"wp:attachment":[{"href":"https:\/\/gretapearls.com\/de\/wp-json\/wp\/v2\/media?parent=32223"}],"wp:term":[{"taxonomy":"product_brand","embeddable":true,"href":"https:\/\/gretapearls.com\/de\/wp-json\/wp\/v2\/product_brand?post=32223"},{"taxonomy":"product_cat","embeddable":true,"href":"https:\/\/gretapearls.com\/de\/wp-json\/wp\/v2\/product_cat?post=32223"},{"taxonomy":"product_tag","embeddable":true,"href":"https:\/\/gretapearls.com\/de\/wp-json\/wp\/v2\/product_tag?post=32223"}],"curies":[{"name":"wp","href":"https:\/\/api.w.org\/{rel}","templated":true}]}}