{"id":31939,"date":"2025-09-27T11:43:52","date_gmt":"2025-09-27T15:43:52","guid":{"rendered":"https:\/\/gretapearls.com\/en\/?post_type=product&#038;p=31939"},"modified":"2026-02-07T13:41:54","modified_gmt":"2026-02-07T18:41:54","slug":"flaschenformige-perlenohrstecker","status":"publish","type":"product","link":"https:\/\/gretapearls.com\/de\/shop\/bottle-shape-pearl-stud-earrings\/","title":{"rendered":"Perlenohrstecker in Flaschenform"},"content":{"rendered":"","protected":false},"excerpt":{"rendered":"<p>Diese Ohrringe aus Sterlingsilber mit Goldplattierung bestechen durch eine einzigartige, flaschenf\u00f6rmige Fassung, die von einem kleinen Zirkonia akzentuiert wird. Jeder Ohrstecker ist mit einer runden S\u00fc\u00dfwasserperle verziert und verleiht dem Look so eine schlichte und dennoch unverwechselbare Note.<\/p>","protected":false},"featured_media":31930,"comment_status":"open","ping_status":"closed","template":"","meta":[],"product_brand":[],"product_cat":[93,94],"product_tag":[],"class_list":{"0":"post-31939","1":"product","2":"type-product","3":"status-publish","4":"has-post-thumbnail","6":"product_cat-wholesale-pearl-earrings","7":"product_cat-wholesale-pearl-drop-earrings","9":"first","10":"instock","11":"taxable","12":"shipping-taxable","13":"purchasable","14":"product-type-simple"},"tiered_pricing_type":"fixed","tiered_pricing_fixed_rules":[],"tiered_pricing_product_settings":{"layout":"default","base_unit_name":{"singular":null,"plural":null},"default_variation":null},"tiered_pricing_minimum_quantity":null,"tiered_pricing_roles_data":[],"tiered_pricing_percentage_rules":[],"tiered_pricing_maximum_quantity":null,"tiered_pricing_quantity_step":null,"_links":{"self":[{"href":"https:\/\/gretapearls.com\/de\/wp-json\/wp\/v2\/product\/31939","targetHints":{"allow":["GET"]}}],"collection":[{"href":"https:\/\/gretapearls.com\/de\/wp-json\/wp\/v2\/product"}],"about":[{"href":"https:\/\/gretapearls.com\/de\/wp-json\/wp\/v2\/types\/product"}],"replies":[{"embeddable":true,"href":"https:\/\/gretapearls.com\/de\/wp-json\/wp\/v2\/comments?post=31939"}],"wp:featuredmedia":[{"embeddable":true,"href":"https:\/\/gretapearls.com\/de\/wp-json\/wp\/v2\/media\/31930"}],"wp:attachment":[{"href":"https:\/\/gretapearls.com\/de\/wp-json\/wp\/v2\/media?parent=31939"}],"wp:term":[{"taxonomy":"product_brand","embeddable":true,"href":"https:\/\/gretapearls.com\/de\/wp-json\/wp\/v2\/product_brand?post=31939"},{"taxonomy":"product_cat","embeddable":true,"href":"https:\/\/gretapearls.com\/de\/wp-json\/wp\/v2\/product_cat?post=31939"},{"taxonomy":"product_tag","embeddable":true,"href":"https:\/\/gretapearls.com\/de\/wp-json\/wp\/v2\/product_tag?post=31939"}],"curies":[{"name":"wp","href":"https:\/\/api.w.org\/{rel}","templated":true}]}}