{"id":31928,"date":"2025-09-27T11:43:23","date_gmt":"2025-09-27T15:43:23","guid":{"rendered":"https:\/\/gretapearls.com\/en\/?post_type=product&#038;p=31928"},"modified":"2026-02-07T13:41:54","modified_gmt":"2026-02-07T18:41:54","slug":"akoya-ohrstecker-mit-grauen-barock-suswasserperlen","status":"publish","type":"product","link":"https:\/\/gretapearls.com\/de\/shop\/akoya-stud-grey-baroque-freshwater-pearl-earrings\/","title":{"rendered":"Akoya Ohrstecker mit grauen Barockperlen aus S\u00fc\u00dfwasser"},"content":{"rendered":"","protected":false},"excerpt":{"rendered":"<p>Ohrringe aus Sterlingsilber, die runde Akoya-Meerwasserperlenstecker mit gro\u00dfen, grau gef\u00e4rbten S\u00fc\u00dfwasser-Barockperlen kombinieren. Die Akoya-Perle dient als vorderer Stecker f\u00fcr sicheren Halt, w\u00e4hrend der Barockperlenanh\u00e4nger frei h\u00e4ngt und seine nat\u00fcrliche Textur zur Geltung bringt.<\/p>","protected":false},"featured_media":31919,"comment_status":"open","ping_status":"closed","template":"","meta":[],"product_brand":[],"product_cat":[93,94],"product_tag":[],"class_list":{"0":"post-31928","1":"product","2":"type-product","3":"status-publish","4":"has-post-thumbnail","6":"product_cat-wholesale-pearl-earrings","7":"product_cat-wholesale-pearl-drop-earrings","9":"first","10":"instock","11":"taxable","12":"shipping-taxable","13":"purchasable","14":"product-type-simple"},"tiered_pricing_type":"fixed","tiered_pricing_fixed_rules":[],"tiered_pricing_product_settings":{"layout":"default","base_unit_name":{"singular":null,"plural":null},"default_variation":null},"tiered_pricing_minimum_quantity":null,"tiered_pricing_roles_data":[],"tiered_pricing_percentage_rules":[],"tiered_pricing_maximum_quantity":null,"tiered_pricing_quantity_step":null,"_links":{"self":[{"href":"https:\/\/gretapearls.com\/de\/wp-json\/wp\/v2\/product\/31928","targetHints":{"allow":["GET"]}}],"collection":[{"href":"https:\/\/gretapearls.com\/de\/wp-json\/wp\/v2\/product"}],"about":[{"href":"https:\/\/gretapearls.com\/de\/wp-json\/wp\/v2\/types\/product"}],"replies":[{"embeddable":true,"href":"https:\/\/gretapearls.com\/de\/wp-json\/wp\/v2\/comments?post=31928"}],"wp:featuredmedia":[{"embeddable":true,"href":"https:\/\/gretapearls.com\/de\/wp-json\/wp\/v2\/media\/31919"}],"wp:attachment":[{"href":"https:\/\/gretapearls.com\/de\/wp-json\/wp\/v2\/media?parent=31928"}],"wp:term":[{"taxonomy":"product_brand","embeddable":true,"href":"https:\/\/gretapearls.com\/de\/wp-json\/wp\/v2\/product_brand?post=31928"},{"taxonomy":"product_cat","embeddable":true,"href":"https:\/\/gretapearls.com\/de\/wp-json\/wp\/v2\/product_cat?post=31928"},{"taxonomy":"product_tag","embeddable":true,"href":"https:\/\/gretapearls.com\/de\/wp-json\/wp\/v2\/product_tag?post=31928"}],"curies":[{"name":"wp","href":"https:\/\/api.w.org\/{rel}","templated":true}]}}