{"id":31906,"date":"2025-09-27T11:42:20","date_gmt":"2025-09-27T15:42:20","guid":{"rendered":"https:\/\/gretapearls.com\/en\/?post_type=product&#038;p=31906"},"modified":"2026-03-17T10:55:17","modified_gmt":"2026-03-17T14:55:17","slug":"barockperlen-ohrhanger","status":"publish","type":"product","link":"https:\/\/gretapearls.com\/de\/shop\/baroque-pearl-drop-hoop-earrings\/","title":{"rendered":"Barockperlen-Ohrh\u00e4nger"},"content":{"rendered":"","protected":false},"excerpt":{"rendered":"<p>Diese Ohrringe mit einzigartig geformten Barock-S\u00fc\u00dfwasserperlen sind an eleganten, 18-kar\u00e4tig vergoldeten Sterlingsilber-Creolen gefasst. Die organischen Perlenformen verleihen jedem St\u00fcck Individualit\u00e4t und machen sie zu einem schicken Accessoire f\u00fcr moderne wie klassische Stile.<\/p>","protected":false},"featured_media":31897,"comment_status":"open","ping_status":"closed","template":"","meta":[],"product_brand":[],"product_cat":[93,94,96],"product_tag":[],"class_list":{"0":"post-31906","1":"product","2":"type-product","3":"status-publish","4":"has-post-thumbnail","6":"product_cat-wholesale-pearl-earrings","7":"product_cat-wholesale-pearl-drop-earrings","8":"product_cat-wholesale-hoop-earrings","10":"first","11":"instock","12":"taxable","13":"shipping-taxable","14":"purchasable","15":"product-type-simple"},"tiered_pricing_type":"fixed","tiered_pricing_fixed_rules":[],"tiered_pricing_product_settings":{"layout":"default","base_unit_name":{"singular":null,"plural":null},"default_variation":null},"tiered_pricing_minimum_quantity":null,"tiered_pricing_roles_data":[],"tiered_pricing_percentage_rules":[],"tiered_pricing_maximum_quantity":null,"tiered_pricing_quantity_step":null,"_links":{"self":[{"href":"https:\/\/gretapearls.com\/de\/wp-json\/wp\/v2\/product\/31906","targetHints":{"allow":["GET"]}}],"collection":[{"href":"https:\/\/gretapearls.com\/de\/wp-json\/wp\/v2\/product"}],"about":[{"href":"https:\/\/gretapearls.com\/de\/wp-json\/wp\/v2\/types\/product"}],"replies":[{"embeddable":true,"href":"https:\/\/gretapearls.com\/de\/wp-json\/wp\/v2\/comments?post=31906"}],"wp:featuredmedia":[{"embeddable":true,"href":"https:\/\/gretapearls.com\/de\/wp-json\/wp\/v2\/media\/31897"}],"wp:attachment":[{"href":"https:\/\/gretapearls.com\/de\/wp-json\/wp\/v2\/media?parent=31906"}],"wp:term":[{"taxonomy":"product_brand","embeddable":true,"href":"https:\/\/gretapearls.com\/de\/wp-json\/wp\/v2\/product_brand?post=31906"},{"taxonomy":"product_cat","embeddable":true,"href":"https:\/\/gretapearls.com\/de\/wp-json\/wp\/v2\/product_cat?post=31906"},{"taxonomy":"product_tag","embeddable":true,"href":"https:\/\/gretapearls.com\/de\/wp-json\/wp\/v2\/product_tag?post=31906"}],"curies":[{"name":"wp","href":"https:\/\/api.w.org\/{rel}","templated":true}]}}