{"id":31895,"date":"2025-09-27T11:41:49","date_gmt":"2025-09-27T15:41:49","guid":{"rendered":"https:\/\/gretapearls.com\/en\/?post_type=product&#038;p=31895"},"modified":"2026-02-07T13:41:54","modified_gmt":"2026-02-07T18:41:54","slug":"kreuzformige-barockperlen-ohrringe","status":"publish","type":"product","link":"https:\/\/gretapearls.com\/de\/shop\/cross-shaped-baroque-pearl-earrings\/","title":{"rendered":"Barockperlenohrringe in Kreuzform"},"content":{"rendered":"","protected":false},"excerpt":{"rendered":"<p>Diese Ohrringe aus nat\u00fcrlich geformten Barock-S\u00fc\u00dfwasserperlen bestechen durch ihre markante Kreuzform, die an kleinen Perlensteckern h\u00e4ngt. Ihre organische Form und ihr leuchtender Glanz machen sie zu einem unverwechselbaren und bedeutungsvollen Accessoire.<\/p>","protected":false},"featured_media":31886,"comment_status":"open","ping_status":"closed","template":"","meta":[],"product_brand":[],"product_cat":[93,94],"product_tag":[],"class_list":{"0":"post-31895","1":"product","2":"type-product","3":"status-publish","4":"has-post-thumbnail","6":"product_cat-wholesale-pearl-earrings","7":"product_cat-wholesale-pearl-drop-earrings","9":"first","10":"instock","11":"taxable","12":"shipping-taxable","13":"purchasable","14":"product-type-simple"},"tiered_pricing_type":"fixed","tiered_pricing_fixed_rules":[],"tiered_pricing_product_settings":{"layout":"default","base_unit_name":{"singular":null,"plural":null},"default_variation":null},"tiered_pricing_minimum_quantity":null,"tiered_pricing_roles_data":[],"tiered_pricing_percentage_rules":[],"tiered_pricing_maximum_quantity":null,"tiered_pricing_quantity_step":null,"_links":{"self":[{"href":"https:\/\/gretapearls.com\/de\/wp-json\/wp\/v2\/product\/31895","targetHints":{"allow":["GET"]}}],"collection":[{"href":"https:\/\/gretapearls.com\/de\/wp-json\/wp\/v2\/product"}],"about":[{"href":"https:\/\/gretapearls.com\/de\/wp-json\/wp\/v2\/types\/product"}],"replies":[{"embeddable":true,"href":"https:\/\/gretapearls.com\/de\/wp-json\/wp\/v2\/comments?post=31895"}],"wp:featuredmedia":[{"embeddable":true,"href":"https:\/\/gretapearls.com\/de\/wp-json\/wp\/v2\/media\/31886"}],"wp:attachment":[{"href":"https:\/\/gretapearls.com\/de\/wp-json\/wp\/v2\/media?parent=31895"}],"wp:term":[{"taxonomy":"product_brand","embeddable":true,"href":"https:\/\/gretapearls.com\/de\/wp-json\/wp\/v2\/product_brand?post=31895"},{"taxonomy":"product_cat","embeddable":true,"href":"https:\/\/gretapearls.com\/de\/wp-json\/wp\/v2\/product_cat?post=31895"},{"taxonomy":"product_tag","embeddable":true,"href":"https:\/\/gretapearls.com\/de\/wp-json\/wp\/v2\/product_tag?post=31895"}],"curies":[{"name":"wp","href":"https:\/\/api.w.org\/{rel}","templated":true}]}}