{"id":31790,"date":"2025-09-27T11:32:25","date_gmt":"2025-09-27T15:32:25","guid":{"rendered":"https:\/\/gretapearls.com\/en\/?post_type=product&#038;p=31790"},"modified":"2026-02-07T13:41:50","modified_gmt":"2026-02-07T18:41:50","slug":"pflaumenbluten-barockperlen-goldring","status":"publish","type":"product","link":"https:\/\/gretapearls.com\/de\/shop\/plum-blossom-baroque-pearl-gold-plated-ring\/","title":{"rendered":"Ring mit barocker Perle und Pflaumenbl\u00fcte, vergoldet"},"content":{"rendered":"","protected":false},"excerpt":{"rendered":"<p>Dieser offene Ring besticht durch eine barocke S\u00fc\u00dfwasserperle in Form einer Pflaumenbl\u00fcte, die von einem zarten Zirkonia-Stein akzentuiert wird. Die 18-kar\u00e4tig vergoldete Silberschiene unterstreicht den sanften Glanz der Perle und verleiht dem Schmuckst\u00fcck eine anmutige und kunstvolle Note.<\/p>","protected":false},"featured_media":31781,"comment_status":"open","ping_status":"closed","template":"","meta":[],"product_brand":[],"product_cat":[107,108],"product_tag":[],"class_list":{"0":"post-31790","1":"product","2":"type-product","3":"status-publish","4":"has-post-thumbnail","6":"product_cat-wholesale-pearl-ring","7":"product_cat-wholesale-adjustable-pearl-rings","9":"first","10":"instock","11":"taxable","12":"shipping-taxable","13":"purchasable","14":"product-type-simple"},"tiered_pricing_type":"fixed","tiered_pricing_fixed_rules":[],"tiered_pricing_product_settings":{"layout":"default","base_unit_name":{"singular":null,"plural":null},"default_variation":null},"tiered_pricing_minimum_quantity":null,"tiered_pricing_roles_data":[],"tiered_pricing_percentage_rules":[],"tiered_pricing_maximum_quantity":null,"tiered_pricing_quantity_step":null,"_links":{"self":[{"href":"https:\/\/gretapearls.com\/de\/wp-json\/wp\/v2\/product\/31790","targetHints":{"allow":["GET"]}}],"collection":[{"href":"https:\/\/gretapearls.com\/de\/wp-json\/wp\/v2\/product"}],"about":[{"href":"https:\/\/gretapearls.com\/de\/wp-json\/wp\/v2\/types\/product"}],"replies":[{"embeddable":true,"href":"https:\/\/gretapearls.com\/de\/wp-json\/wp\/v2\/comments?post=31790"}],"wp:featuredmedia":[{"embeddable":true,"href":"https:\/\/gretapearls.com\/de\/wp-json\/wp\/v2\/media\/31781"}],"wp:attachment":[{"href":"https:\/\/gretapearls.com\/de\/wp-json\/wp\/v2\/media?parent=31790"}],"wp:term":[{"taxonomy":"product_brand","embeddable":true,"href":"https:\/\/gretapearls.com\/de\/wp-json\/wp\/v2\/product_brand?post=31790"},{"taxonomy":"product_cat","embeddable":true,"href":"https:\/\/gretapearls.com\/de\/wp-json\/wp\/v2\/product_cat?post=31790"},{"taxonomy":"product_tag","embeddable":true,"href":"https:\/\/gretapearls.com\/de\/wp-json\/wp\/v2\/product_tag?post=31790"}],"curies":[{"name":"wp","href":"https:\/\/api.w.org\/{rel}","templated":true}]}}