{"id":31726,"date":"2025-09-27T11:29:18","date_gmt":"2025-09-27T15:29:18","guid":{"rendered":"https:\/\/gretapearls.com\/en\/?post_type=product&#038;p=31726"},"modified":"2026-03-27T08:48:45","modified_gmt":"2026-03-27T12:48:45","slug":"weiser-keshi-suswasserperlen-silberring","status":"publish","type":"product","link":"https:\/\/gretapearls.com\/de\/shop\/white-keshi-freshwater-pearl-silver-ring\/","title":{"rendered":"Silberring mit wei\u00dfer Keshi-S\u00fc\u00dfwasserperle"},"content":{"rendered":"","protected":false},"excerpt":{"rendered":"<p>Ein Ring aus Sterlingsilber mit einer nat\u00fcrlich gewachsenen wei\u00dfen Keshi-S\u00fc\u00dfwasserperle. Seine freie Form und die leuchtende Oberfl\u00e4che machen jedes St\u00fcck zu einem Unikat und verleihen Schmuckkollektionen Charakter und subtile Eleganz.<\/p>","protected":false},"featured_media":31720,"comment_status":"open","ping_status":"closed","template":"","meta":[],"product_brand":[],"product_cat":[107,108],"product_tag":[],"class_list":{"0":"post-31726","1":"product","2":"type-product","3":"status-publish","4":"has-post-thumbnail","6":"product_cat-wholesale-pearl-ring","7":"product_cat-wholesale-adjustable-pearl-rings","9":"first","10":"instock","11":"taxable","12":"shipping-taxable","13":"purchasable","14":"product-type-simple"},"tiered_pricing_type":"fixed","tiered_pricing_fixed_rules":[],"tiered_pricing_product_settings":{"layout":"default","base_unit_name":{"singular":null,"plural":null},"default_variation":null},"tiered_pricing_minimum_quantity":null,"tiered_pricing_roles_data":[],"tiered_pricing_percentage_rules":[],"tiered_pricing_maximum_quantity":null,"tiered_pricing_quantity_step":null,"_links":{"self":[{"href":"https:\/\/gretapearls.com\/de\/wp-json\/wp\/v2\/product\/31726","targetHints":{"allow":["GET"]}}],"collection":[{"href":"https:\/\/gretapearls.com\/de\/wp-json\/wp\/v2\/product"}],"about":[{"href":"https:\/\/gretapearls.com\/de\/wp-json\/wp\/v2\/types\/product"}],"replies":[{"embeddable":true,"href":"https:\/\/gretapearls.com\/de\/wp-json\/wp\/v2\/comments?post=31726"}],"wp:featuredmedia":[{"embeddable":true,"href":"https:\/\/gretapearls.com\/de\/wp-json\/wp\/v2\/media\/31720"}],"wp:attachment":[{"href":"https:\/\/gretapearls.com\/de\/wp-json\/wp\/v2\/media?parent=31726"}],"wp:term":[{"taxonomy":"product_brand","embeddable":true,"href":"https:\/\/gretapearls.com\/de\/wp-json\/wp\/v2\/product_brand?post=31726"},{"taxonomy":"product_cat","embeddable":true,"href":"https:\/\/gretapearls.com\/de\/wp-json\/wp\/v2\/product_cat?post=31726"},{"taxonomy":"product_tag","embeddable":true,"href":"https:\/\/gretapearls.com\/de\/wp-json\/wp\/v2\/product_tag?post=31726"}],"curies":[{"name":"wp","href":"https:\/\/api.w.org\/{rel}","templated":true}]}}