{"id":31687,"date":"2025-09-27T11:27:23","date_gmt":"2025-09-27T15:27:23","guid":{"rendered":"https:\/\/gretapearls.com\/en\/?post_type=product&#038;p=31687"},"modified":"2026-02-07T13:41:47","modified_gmt":"2026-02-07T18:41:47","slug":"silberring-mit-unregelmasiger-barocker-suswasserperle","status":"publish","type":"product","link":"https:\/\/gretapearls.com\/de\/shop\/silver-ring-with-irregular-baroque-freshwater-pearl\/","title":{"rendered":"Silberring mit unregelm\u00e4\u00dfiger barocker S\u00fc\u00dfwasserperle"},"content":{"rendered":"","protected":false},"excerpt":{"rendered":"<p>Dieser Ring aus Sterlingsilber pr\u00e4sentiert eine farbenpr\u00e4chtige, barocke S\u00fc\u00dfwasserperle mit nat\u00fcrlichem Schimmer. Ein kleiner Zirkonia-Stein neben der Perle unterstreicht deren einzigartige, organische Form mit einem raffinierten Funkeln.<\/p>","protected":false},"featured_media":31677,"comment_status":"open","ping_status":"closed","template":"","meta":[],"product_brand":[],"product_cat":[107,108],"product_tag":[],"class_list":{"0":"post-31687","1":"product","2":"type-product","3":"status-publish","4":"has-post-thumbnail","6":"product_cat-wholesale-pearl-ring","7":"product_cat-wholesale-adjustable-pearl-rings","9":"first","10":"instock","11":"taxable","12":"shipping-taxable","13":"purchasable","14":"product-type-simple"},"tiered_pricing_type":"fixed","tiered_pricing_fixed_rules":[],"tiered_pricing_product_settings":{"layout":"default","base_unit_name":{"singular":null,"plural":null},"default_variation":null},"tiered_pricing_minimum_quantity":null,"tiered_pricing_roles_data":[],"tiered_pricing_percentage_rules":[],"tiered_pricing_maximum_quantity":null,"tiered_pricing_quantity_step":null,"_links":{"self":[{"href":"https:\/\/gretapearls.com\/de\/wp-json\/wp\/v2\/product\/31687","targetHints":{"allow":["GET"]}}],"collection":[{"href":"https:\/\/gretapearls.com\/de\/wp-json\/wp\/v2\/product"}],"about":[{"href":"https:\/\/gretapearls.com\/de\/wp-json\/wp\/v2\/types\/product"}],"replies":[{"embeddable":true,"href":"https:\/\/gretapearls.com\/de\/wp-json\/wp\/v2\/comments?post=31687"}],"wp:featuredmedia":[{"embeddable":true,"href":"https:\/\/gretapearls.com\/de\/wp-json\/wp\/v2\/media\/31677"}],"wp:attachment":[{"href":"https:\/\/gretapearls.com\/de\/wp-json\/wp\/v2\/media?parent=31687"}],"wp:term":[{"taxonomy":"product_brand","embeddable":true,"href":"https:\/\/gretapearls.com\/de\/wp-json\/wp\/v2\/product_brand?post=31687"},{"taxonomy":"product_cat","embeddable":true,"href":"https:\/\/gretapearls.com\/de\/wp-json\/wp\/v2\/product_cat?post=31687"},{"taxonomy":"product_tag","embeddable":true,"href":"https:\/\/gretapearls.com\/de\/wp-json\/wp\/v2\/product_tag?post=31687"}],"curies":[{"name":"wp","href":"https:\/\/api.w.org\/{rel}","templated":true}]}}