{"id":31439,"date":"2025-09-27T11:16:29","date_gmt":"2025-09-27T15:16:29","guid":{"rendered":"https:\/\/gretapearls.com\/en\/?post_type=product&#038;p=31439"},"modified":"2026-02-07T13:41:47","modified_gmt":"2026-02-07T18:41:47","slug":"munzperlenkette-mit-barocken-akzenten","status":"publish","type":"product","link":"https:\/\/gretapearls.com\/de\/shop\/coin-pearl-necklace-with-baroque-accents\/","title":{"rendered":"M\u00fcnzperlenkette mit barocken Akzenten"},"content":{"rendered":"","protected":false},"excerpt":{"rendered":"<p>Diese Halskette besticht durch gro\u00dfe, flache, m\u00fcnzf\u00f6rmige S\u00fc\u00dfwasserperlen, die mit unregelm\u00e4\u00dfigen Barockperlen kombiniert werden und so f\u00fcr zus\u00e4tzliche Struktur sorgen. Die 39 cm lange Kette betont den nat\u00fcrlichen Glanz und die einzigartigen Oberfl\u00e4chenmuster jeder einzelnen Perle und verleiht ihr einen ausdrucksstarken und kunstvollen Look.<\/p>","protected":false},"featured_media":31430,"comment_status":"open","ping_status":"closed","template":"","meta":[],"product_brand":[],"product_cat":[98,100],"product_tag":[],"class_list":{"0":"post-31439","1":"product","2":"type-product","3":"status-publish","4":"has-post-thumbnail","6":"product_cat-wholesale-pearl-necklace","7":"product_cat-wholesale-pearl-chokers","9":"first","10":"instock","11":"taxable","12":"shipping-taxable","13":"purchasable","14":"product-type-simple"},"tiered_pricing_type":"fixed","tiered_pricing_fixed_rules":[],"tiered_pricing_product_settings":{"layout":"default","base_unit_name":{"singular":null,"plural":null},"default_variation":null},"tiered_pricing_minimum_quantity":null,"tiered_pricing_roles_data":[],"tiered_pricing_percentage_rules":[],"tiered_pricing_maximum_quantity":null,"tiered_pricing_quantity_step":null,"_links":{"self":[{"href":"https:\/\/gretapearls.com\/de\/wp-json\/wp\/v2\/product\/31439","targetHints":{"allow":["GET"]}}],"collection":[{"href":"https:\/\/gretapearls.com\/de\/wp-json\/wp\/v2\/product"}],"about":[{"href":"https:\/\/gretapearls.com\/de\/wp-json\/wp\/v2\/types\/product"}],"replies":[{"embeddable":true,"href":"https:\/\/gretapearls.com\/de\/wp-json\/wp\/v2\/comments?post=31439"}],"wp:featuredmedia":[{"embeddable":true,"href":"https:\/\/gretapearls.com\/de\/wp-json\/wp\/v2\/media\/31430"}],"wp:attachment":[{"href":"https:\/\/gretapearls.com\/de\/wp-json\/wp\/v2\/media?parent=31439"}],"wp:term":[{"taxonomy":"product_brand","embeddable":true,"href":"https:\/\/gretapearls.com\/de\/wp-json\/wp\/v2\/product_brand?post=31439"},{"taxonomy":"product_cat","embeddable":true,"href":"https:\/\/gretapearls.com\/de\/wp-json\/wp\/v2\/product_cat?post=31439"},{"taxonomy":"product_tag","embeddable":true,"href":"https:\/\/gretapearls.com\/de\/wp-json\/wp\/v2\/product_tag?post=31439"}],"curies":[{"name":"wp","href":"https:\/\/api.w.org\/{rel}","templated":true}]}}