{"id":31279,"date":"2025-09-27T11:09:09","date_gmt":"2025-09-27T15:09:09","guid":{"rendered":"https:\/\/gretapearls.com\/en\/?post_type=product&#038;p=31279"},"modified":"2026-02-07T13:41:47","modified_gmt":"2026-02-07T18:41:47","slug":"halskette-aus-18-karatig-vergoldeter-suswasserperle-mit-herzanhanger","status":"publish","type":"product","link":"https:\/\/gretapearls.com\/de\/shop\/18k-gold-plated-freshwater-pearl-necklace-with-heart-pendant\/","title":{"rendered":"Halskette mit S\u00fc\u00dfwasserperle (18 Karat vergoldet) und Herzanh\u00e4nger"},"content":{"rendered":"","protected":false},"excerpt":{"rendered":"<p>Diese Halskette besticht durch gro\u00dfe, unregelm\u00e4\u00dfige S\u00fc\u00dfwasserperlen und einen vergoldeten Silberverschluss. Ein gro\u00dfer, herzf\u00f6rmiger Perlenanh\u00e4nger setzt einen verspielten Akzent und verleiht dem Schmuckst\u00fcck einen unverwechselbaren und charaktervollen Look.<\/p>","protected":false},"featured_media":31270,"comment_status":"open","ping_status":"closed","template":"","meta":[],"product_brand":[],"product_cat":[98,99,101],"product_tag":[],"class_list":{"0":"post-31279","1":"product","2":"type-product","3":"status-publish","4":"has-post-thumbnail","6":"product_cat-wholesale-pearl-necklace","7":"product_cat-wholesale-chain-necklaces","8":"product_cat-wholesale-pearl-pendant-necklace","10":"first","11":"instock","12":"taxable","13":"shipping-taxable","14":"purchasable","15":"product-type-simple"},"tiered_pricing_type":"fixed","tiered_pricing_fixed_rules":[],"tiered_pricing_product_settings":{"layout":"default","base_unit_name":{"singular":null,"plural":null},"default_variation":null},"tiered_pricing_minimum_quantity":null,"tiered_pricing_roles_data":[],"tiered_pricing_percentage_rules":[],"tiered_pricing_maximum_quantity":null,"tiered_pricing_quantity_step":null,"_links":{"self":[{"href":"https:\/\/gretapearls.com\/de\/wp-json\/wp\/v2\/product\/31279","targetHints":{"allow":["GET"]}}],"collection":[{"href":"https:\/\/gretapearls.com\/de\/wp-json\/wp\/v2\/product"}],"about":[{"href":"https:\/\/gretapearls.com\/de\/wp-json\/wp\/v2\/types\/product"}],"replies":[{"embeddable":true,"href":"https:\/\/gretapearls.com\/de\/wp-json\/wp\/v2\/comments?post=31279"}],"wp:featuredmedia":[{"embeddable":true,"href":"https:\/\/gretapearls.com\/de\/wp-json\/wp\/v2\/media\/31270"}],"wp:attachment":[{"href":"https:\/\/gretapearls.com\/de\/wp-json\/wp\/v2\/media?parent=31279"}],"wp:term":[{"taxonomy":"product_brand","embeddable":true,"href":"https:\/\/gretapearls.com\/de\/wp-json\/wp\/v2\/product_brand?post=31279"},{"taxonomy":"product_cat","embeddable":true,"href":"https:\/\/gretapearls.com\/de\/wp-json\/wp\/v2\/product_cat?post=31279"},{"taxonomy":"product_tag","embeddable":true,"href":"https:\/\/gretapearls.com\/de\/wp-json\/wp\/v2\/product_tag?post=31279"}],"curies":[{"name":"wp","href":"https:\/\/api.w.org\/{rel}","templated":true}]}}