{"id":31063,"date":"2025-09-27T10:58:30","date_gmt":"2025-09-27T14:58:30","guid":{"rendered":"https:\/\/gretapearls.com\/en\/?post_type=product&#038;p=31063"},"modified":"2026-02-07T13:41:44","modified_gmt":"2026-02-07T18:41:44","slug":"halskette-aus-925er-silber-mit-sonnenblumenmotiv-und-barocker-suswasserperle","status":"publish","type":"product","link":"https:\/\/gretapearls.com\/de\/shop\/s925-silver-sunflower-baroque-freshwater-pearl-necklace\/","title":{"rendered":"Halskette aus 925er Silber mit Sonnenblumen-Barock-S\u00fc\u00dfwasserperlen"},"content":{"rendered":"","protected":false},"excerpt":{"rendered":"<p>Diese 35 cm lange Halskette mit 5 cm Verl\u00e4ngerung besticht durch unregelm\u00e4\u00dfige, barocke S\u00fc\u00dfwasserperlen, die in Form einer Sonnenblume angeordnet sind und von einer einzelnen violetten Perle akzentuiert werden. Abgerundet wird das Design durch Fassungen aus 925er Silber. Die Halskette wirkt lebendig und nat\u00fcrlich.<\/p>","protected":false},"featured_media":31055,"comment_status":"open","ping_status":"closed","template":"","meta":[],"product_brand":[],"product_cat":[98,100],"product_tag":[],"class_list":{"0":"post-31063","1":"product","2":"type-product","3":"status-publish","4":"has-post-thumbnail","6":"product_cat-wholesale-pearl-necklace","7":"product_cat-wholesale-pearl-chokers","9":"first","10":"instock","11":"taxable","12":"shipping-taxable","13":"purchasable","14":"product-type-variable"},"tiered_pricing_type":"fixed","tiered_pricing_fixed_rules":[],"tiered_pricing_product_settings":{"layout":"default","base_unit_name":{"singular":null,"plural":null},"default_variation":null},"tiered_pricing_minimum_quantity":null,"tiered_pricing_roles_data":[],"tiered_pricing_percentage_rules":[],"tiered_pricing_maximum_quantity":null,"tiered_pricing_quantity_step":null,"_links":{"self":[{"href":"https:\/\/gretapearls.com\/de\/wp-json\/wp\/v2\/product\/31063","targetHints":{"allow":["GET"]}}],"collection":[{"href":"https:\/\/gretapearls.com\/de\/wp-json\/wp\/v2\/product"}],"about":[{"href":"https:\/\/gretapearls.com\/de\/wp-json\/wp\/v2\/types\/product"}],"replies":[{"embeddable":true,"href":"https:\/\/gretapearls.com\/de\/wp-json\/wp\/v2\/comments?post=31063"}],"wp:featuredmedia":[{"embeddable":true,"href":"https:\/\/gretapearls.com\/de\/wp-json\/wp\/v2\/media\/31055"}],"wp:attachment":[{"href":"https:\/\/gretapearls.com\/de\/wp-json\/wp\/v2\/media?parent=31063"}],"wp:term":[{"taxonomy":"product_brand","embeddable":true,"href":"https:\/\/gretapearls.com\/de\/wp-json\/wp\/v2\/product_brand?post=31063"},{"taxonomy":"product_cat","embeddable":true,"href":"https:\/\/gretapearls.com\/de\/wp-json\/wp\/v2\/product_cat?post=31063"},{"taxonomy":"product_tag","embeddable":true,"href":"https:\/\/gretapearls.com\/de\/wp-json\/wp\/v2\/product_tag?post=31063"}],"curies":[{"name":"wp","href":"https:\/\/api.w.org\/{rel}","templated":true}]}}