{"id":30844,"date":"2025-09-12T02:35:45","date_gmt":"2025-09-12T06:35:45","guid":{"rendered":"https:\/\/gretapearls.com\/en\/?post_type=product&#038;p=30844"},"modified":"2026-02-07T13:41:40","modified_gmt":"2026-02-07T18:41:40","slug":"quastenohrringe-aus-barockem-suswasserperlen-edelstahl-925er-sterlingsilber","status":"publish","type":"product","link":"https:\/\/gretapearls.com\/de\/shop\/s925-baroque-freshwater-pearl-tassel-earrings\/","title":{"rendered":"S925 Barocke S\u00fc\u00dfwasserperlen-Quastenohrringe"},"content":{"rendered":"","protected":false},"excerpt":{"rendered":"<p>Diese handgefertigten Ohrringe aus 925er Sterlingsilber mit echten S\u00fc\u00dfwasser-Barockperlen bestechen durch ihre moderne Quastenform. Jeder Ohrring pr\u00e4sentiert eine einzigartig geformte Perle an zarten Silberketten, die f\u00fcr dynamische Bewegung und handwerklichen Charme sorgen.<\/p>","protected":false},"featured_media":30840,"comment_status":"open","ping_status":"closed","template":"","meta":[],"product_brand":[],"product_cat":[93,94],"product_tag":[],"class_list":{"0":"post-30844","1":"product","2":"type-product","3":"status-publish","4":"has-post-thumbnail","6":"product_cat-wholesale-pearl-earrings","7":"product_cat-wholesale-pearl-drop-earrings","9":"first","10":"instock","11":"taxable","12":"shipping-taxable","13":"purchasable","14":"product-type-simple"},"tiered_pricing_type":"fixed","tiered_pricing_fixed_rules":[],"tiered_pricing_product_settings":{"layout":"default","base_unit_name":{"singular":null,"plural":null},"default_variation":null},"tiered_pricing_minimum_quantity":null,"tiered_pricing_roles_data":[],"tiered_pricing_percentage_rules":[],"tiered_pricing_maximum_quantity":null,"tiered_pricing_quantity_step":null,"_links":{"self":[{"href":"https:\/\/gretapearls.com\/de\/wp-json\/wp\/v2\/product\/30844","targetHints":{"allow":["GET"]}}],"collection":[{"href":"https:\/\/gretapearls.com\/de\/wp-json\/wp\/v2\/product"}],"about":[{"href":"https:\/\/gretapearls.com\/de\/wp-json\/wp\/v2\/types\/product"}],"replies":[{"embeddable":true,"href":"https:\/\/gretapearls.com\/de\/wp-json\/wp\/v2\/comments?post=30844"}],"wp:featuredmedia":[{"embeddable":true,"href":"https:\/\/gretapearls.com\/de\/wp-json\/wp\/v2\/media\/30840"}],"wp:attachment":[{"href":"https:\/\/gretapearls.com\/de\/wp-json\/wp\/v2\/media?parent=30844"}],"wp:term":[{"taxonomy":"product_brand","embeddable":true,"href":"https:\/\/gretapearls.com\/de\/wp-json\/wp\/v2\/product_brand?post=30844"},{"taxonomy":"product_cat","embeddable":true,"href":"https:\/\/gretapearls.com\/de\/wp-json\/wp\/v2\/product_cat?post=30844"},{"taxonomy":"product_tag","embeddable":true,"href":"https:\/\/gretapearls.com\/de\/wp-json\/wp\/v2\/product_tag?post=30844"}],"curies":[{"name":"wp","href":"https:\/\/api.w.org\/{rel}","templated":true}]}}