{"id":30798,"date":"2025-09-12T02:30:39","date_gmt":"2025-09-12T06:30:39","guid":{"rendered":"https:\/\/gretapearls.com\/en\/?post_type=product&#038;p=30798"},"modified":"2026-02-07T13:41:39","modified_gmt":"2026-02-07T18:41:39","slug":"barocke-suswasserperlen-glas-ohrhanger-aus-925er-sterlingsilber","status":"publish","type":"product","link":"https:\/\/gretapearls.com\/de\/shop\/s925-baroque-freshwater-pearl-glass-drop-earrings\/","title":{"rendered":"S925 Barocke S\u00fc\u00dfwasserperlen-Glas-Tropfenohrringe"},"content":{"rendered":"","protected":false},"excerpt":{"rendered":"<p>Wir fertigen Ohrringe aus 925er Sterlingsilber mit barocken S\u00fc\u00dfwasserperlen und Glasperlen, wobei organische Formen mit handwerklicher Politur kombiniert werden. Jedes St\u00fcck besticht durch eine Perle in Kombination mit einem facettierten Glastropfen, wodurch eine leuchtende Textur entsteht, die das Licht auf einzigartige Weise einf\u00e4ngt.<\/p>","protected":false},"featured_media":30794,"comment_status":"open","ping_status":"closed","template":"","meta":[],"product_brand":[],"product_cat":[93,94],"product_tag":[],"class_list":{"0":"post-30798","1":"product","2":"type-product","3":"status-publish","4":"has-post-thumbnail","6":"product_cat-wholesale-pearl-earrings","7":"product_cat-wholesale-pearl-drop-earrings","9":"first","10":"instock","11":"taxable","12":"shipping-taxable","13":"purchasable","14":"product-type-simple"},"tiered_pricing_type":"fixed","tiered_pricing_fixed_rules":[],"tiered_pricing_product_settings":{"layout":"default","base_unit_name":{"singular":null,"plural":null},"default_variation":null},"tiered_pricing_minimum_quantity":null,"tiered_pricing_roles_data":[],"tiered_pricing_percentage_rules":[],"tiered_pricing_maximum_quantity":null,"tiered_pricing_quantity_step":null,"_links":{"self":[{"href":"https:\/\/gretapearls.com\/de\/wp-json\/wp\/v2\/product\/30798","targetHints":{"allow":["GET"]}}],"collection":[{"href":"https:\/\/gretapearls.com\/de\/wp-json\/wp\/v2\/product"}],"about":[{"href":"https:\/\/gretapearls.com\/de\/wp-json\/wp\/v2\/types\/product"}],"replies":[{"embeddable":true,"href":"https:\/\/gretapearls.com\/de\/wp-json\/wp\/v2\/comments?post=30798"}],"wp:featuredmedia":[{"embeddable":true,"href":"https:\/\/gretapearls.com\/de\/wp-json\/wp\/v2\/media\/30794"}],"wp:attachment":[{"href":"https:\/\/gretapearls.com\/de\/wp-json\/wp\/v2\/media?parent=30798"}],"wp:term":[{"taxonomy":"product_brand","embeddable":true,"href":"https:\/\/gretapearls.com\/de\/wp-json\/wp\/v2\/product_brand?post=30798"},{"taxonomy":"product_cat","embeddable":true,"href":"https:\/\/gretapearls.com\/de\/wp-json\/wp\/v2\/product_cat?post=30798"},{"taxonomy":"product_tag","embeddable":true,"href":"https:\/\/gretapearls.com\/de\/wp-json\/wp\/v2\/product_tag?post=30798"}],"curies":[{"name":"wp","href":"https:\/\/api.w.org\/{rel}","templated":true}]}}