{"id":30576,"date":"2025-09-12T02:04:47","date_gmt":"2025-09-12T06:04:47","guid":{"rendered":"https:\/\/gretapearls.com\/en\/?post_type=product&#038;p=30576"},"modified":"2026-02-07T13:41:29","modified_gmt":"2026-02-07T18:41:29","slug":"ohrstecker-aus-925er-sterlingsilber-keshi-perlen-und-turkiskristallen","status":"publish","type":"product","link":"https:\/\/gretapearls.com\/de\/shop\/s925-keshi-pearl-turquoise-crystals-stud-earrings\/","title":{"rendered":"Ohrstecker aus S925 Keshi-Perlen mit t\u00fcrkisfarbenen Kristallen"},"content":{"rendered":"","protected":false},"excerpt":{"rendered":"<p>Diese Ohrstecker aus 925er Sterlingsilber kombinieren Keshi-Perlen mit t\u00fcrkisfarbenen Kristallen und Amethysten und verleihen so klassischen Perlenohrringen eine moderne Note. Jede unregelm\u00e4\u00dfige Fassung wird von Hand gefertigt, um organische Kurven und Edelsteinkontraste hervorzuheben und ein einzigartiges, individuelles Ergebnis zu erzielen.<\/p>","protected":false},"featured_media":30568,"comment_status":"open","ping_status":"closed","template":"","meta":[],"product_brand":[],"product_cat":[93,94],"product_tag":[],"class_list":{"0":"post-30576","1":"product","2":"type-product","3":"status-publish","4":"has-post-thumbnail","6":"product_cat-wholesale-pearl-earrings","7":"product_cat-wholesale-pearl-drop-earrings","9":"first","10":"instock","11":"taxable","12":"shipping-taxable","13":"purchasable","14":"product-type-variable"},"tiered_pricing_type":"fixed","tiered_pricing_fixed_rules":[],"tiered_pricing_product_settings":{"layout":"default","base_unit_name":{"singular":null,"plural":null},"default_variation":null},"tiered_pricing_minimum_quantity":null,"tiered_pricing_roles_data":[],"tiered_pricing_percentage_rules":[],"tiered_pricing_maximum_quantity":null,"tiered_pricing_quantity_step":null,"_links":{"self":[{"href":"https:\/\/gretapearls.com\/de\/wp-json\/wp\/v2\/product\/30576","targetHints":{"allow":["GET"]}}],"collection":[{"href":"https:\/\/gretapearls.com\/de\/wp-json\/wp\/v2\/product"}],"about":[{"href":"https:\/\/gretapearls.com\/de\/wp-json\/wp\/v2\/types\/product"}],"replies":[{"embeddable":true,"href":"https:\/\/gretapearls.com\/de\/wp-json\/wp\/v2\/comments?post=30576"}],"wp:featuredmedia":[{"embeddable":true,"href":"https:\/\/gretapearls.com\/de\/wp-json\/wp\/v2\/media\/30568"}],"wp:attachment":[{"href":"https:\/\/gretapearls.com\/de\/wp-json\/wp\/v2\/media?parent=30576"}],"wp:term":[{"taxonomy":"product_brand","embeddable":true,"href":"https:\/\/gretapearls.com\/de\/wp-json\/wp\/v2\/product_brand?post=30576"},{"taxonomy":"product_cat","embeddable":true,"href":"https:\/\/gretapearls.com\/de\/wp-json\/wp\/v2\/product_cat?post=30576"},{"taxonomy":"product_tag","embeddable":true,"href":"https:\/\/gretapearls.com\/de\/wp-json\/wp\/v2\/product_tag?post=30576"}],"curies":[{"name":"wp","href":"https:\/\/api.w.org\/{rel}","templated":true}]}}