{"id":30283,"date":"2025-08-19T12:15:53","date_gmt":"2025-08-19T16:15:53","guid":{"rendered":"https:\/\/gretapearls.com\/en\/?post_type=product&#038;p=30283"},"modified":"2026-02-07T11:07:29","modified_gmt":"2026-02-07T16:07:29","slug":"4-10-mm-grose-grau-gefarbte-suswasserperlen-mit-hohem-glanz-und-flacher-ruckseite","status":"publish","type":"product","link":"https:\/\/gretapearls.com\/de\/shop\/4-10mm-dyed-gray-high-luster-flat-back-freshwater-pearls\/","title":{"rendered":"4-10 mm gro\u00dfe, grau gef\u00e4rbte S\u00fc\u00dfwasserperlen mit hohem Glanz und flacher R\u00fcckseite"},"content":{"rendered":"","protected":false},"excerpt":{"rendered":"<p>Graue S\u00fc\u00dfwasser-Barockperlen, 4\u201310 mm, bestechen durch ihren starken Glanz auf beiden Seiten. Die unregelm\u00e4\u00dfig geformten Perlen sind seitlich gebohrt und werden lose f\u00fcr DIY-Projekte im Gro\u00dfhandel angeboten. Ideal f\u00fcr die Gestaltung moderner Boho- oder minimalistischer Halsketten und Armb\u00e4nder.<\/p>","protected":false},"featured_media":30273,"comment_status":"open","ping_status":"closed","template":"","meta":[],"product_brand":[],"product_cat":[144],"product_tag":[90],"class_list":{"0":"post-30283","1":"product","2":"type-product","3":"status-publish","4":"has-post-thumbnail","6":"product_cat-dyed-pearls","7":"product_tag-side-drilled-pearls","8":"pa_color-grey-pearls","9":"pa_shape-flat-back-pearls","11":"first","12":"instock","13":"taxable","14":"shipping-taxable","15":"purchasable","16":"product-type-variable"},"tiered_pricing_type":"fixed","tiered_pricing_fixed_rules":[],"tiered_pricing_product_settings":{"layout":"default","base_unit_name":{"singular":null,"plural":null},"default_variation":null},"tiered_pricing_minimum_quantity":null,"tiered_pricing_roles_data":[],"tiered_pricing_percentage_rules":[],"tiered_pricing_maximum_quantity":null,"tiered_pricing_quantity_step":null,"_links":{"self":[{"href":"https:\/\/gretapearls.com\/de\/wp-json\/wp\/v2\/product\/30283","targetHints":{"allow":["GET"]}}],"collection":[{"href":"https:\/\/gretapearls.com\/de\/wp-json\/wp\/v2\/product"}],"about":[{"href":"https:\/\/gretapearls.com\/de\/wp-json\/wp\/v2\/types\/product"}],"replies":[{"embeddable":true,"href":"https:\/\/gretapearls.com\/de\/wp-json\/wp\/v2\/comments?post=30283"}],"wp:featuredmedia":[{"embeddable":true,"href":"https:\/\/gretapearls.com\/de\/wp-json\/wp\/v2\/media\/30273"}],"wp:attachment":[{"href":"https:\/\/gretapearls.com\/de\/wp-json\/wp\/v2\/media?parent=30283"}],"wp:term":[{"taxonomy":"product_brand","embeddable":true,"href":"https:\/\/gretapearls.com\/de\/wp-json\/wp\/v2\/product_brand?post=30283"},{"taxonomy":"product_cat","embeddable":true,"href":"https:\/\/gretapearls.com\/de\/wp-json\/wp\/v2\/product_cat?post=30283"},{"taxonomy":"product_tag","embeddable":true,"href":"https:\/\/gretapearls.com\/de\/wp-json\/wp\/v2\/product_tag?post=30283"}],"curies":[{"name":"wp","href":"https:\/\/api.w.org\/{rel}","templated":true}]}}