{"id":30102,"date":"2025-08-14T05:58:11","date_gmt":"2025-08-14T09:58:11","guid":{"rendered":"https:\/\/gretapearls.com\/en\/?post_type=product&#038;p=30102"},"modified":"2026-02-07T11:07:22","modified_gmt":"2026-02-07T16:07:22","slug":"9-ovale-suswasserperlen-10-mm-gros-schwarz-gefarbt-und-hochglanzend","status":"publish","type":"product","link":"https:\/\/gretapearls.com\/de\/shop\/9-10mm-dyed-black-high-luster-oval-freshwater-pearls\/","title":{"rendered":"9-10 mm gro\u00dfe, schwarz gef\u00e4rbte, hochgl\u00e4nzende ovale S\u00fc\u00dfwasserperlen"},"content":{"rendered":"","protected":false},"excerpt":{"rendered":"<p>Diese 8\u20139 mm gro\u00dfen, nahezu runden schwarzen S\u00fc\u00dfwasserperlen bestechen durch ihren starken, spiegel\u00e4hnlichen Glanz mit dezenten Regenbogenfarben und \u00fcberwiegend glatten Oberfl\u00e4chen. Sie sind mittig gebohrt, um das Auff\u00e4deln zu erleichtern, und werden als lose Perlen verkauft. Ideal f\u00fcr selbstgemachte Halsketten, Armb\u00e4nder oder elegante Ohrringe \u2013 sie verleihen jedem Schmuckst\u00fcck eine moderne, raffinierte Note.<\/p>","protected":false},"featured_media":30097,"comment_status":"open","ping_status":"closed","template":"","meta":[],"product_brand":[],"product_cat":[144],"product_tag":[91,83,82],"class_list":{"0":"post-30102","1":"product","2":"type-product","3":"status-publish","4":"has-post-thumbnail","6":"product_cat-dyed-pearls","7":"product_tag-full-drilled-pearls","8":"product_tag-large-freshwater-pearls-wholesale","9":"product_tag-medium-freshwater-pearls-wholesale","10":"pa_color-black-pearls","11":"pa_shape-oval-pearls","13":"first","14":"instock","15":"taxable","16":"shipping-taxable","17":"purchasable","18":"product-type-simple"},"tiered_pricing_type":"fixed","tiered_pricing_fixed_rules":[],"tiered_pricing_product_settings":{"layout":"default","base_unit_name":{"singular":null,"plural":null},"default_variation":null},"tiered_pricing_minimum_quantity":null,"tiered_pricing_roles_data":[],"tiered_pricing_percentage_rules":[],"tiered_pricing_maximum_quantity":null,"tiered_pricing_quantity_step":null,"_links":{"self":[{"href":"https:\/\/gretapearls.com\/de\/wp-json\/wp\/v2\/product\/30102","targetHints":{"allow":["GET"]}}],"collection":[{"href":"https:\/\/gretapearls.com\/de\/wp-json\/wp\/v2\/product"}],"about":[{"href":"https:\/\/gretapearls.com\/de\/wp-json\/wp\/v2\/types\/product"}],"replies":[{"embeddable":true,"href":"https:\/\/gretapearls.com\/de\/wp-json\/wp\/v2\/comments?post=30102"}],"wp:featuredmedia":[{"embeddable":true,"href":"https:\/\/gretapearls.com\/de\/wp-json\/wp\/v2\/media\/30097"}],"wp:attachment":[{"href":"https:\/\/gretapearls.com\/de\/wp-json\/wp\/v2\/media?parent=30102"}],"wp:term":[{"taxonomy":"product_brand","embeddable":true,"href":"https:\/\/gretapearls.com\/de\/wp-json\/wp\/v2\/product_brand?post=30102"},{"taxonomy":"product_cat","embeddable":true,"href":"https:\/\/gretapearls.com\/de\/wp-json\/wp\/v2\/product_cat?post=30102"},{"taxonomy":"product_tag","embeddable":true,"href":"https:\/\/gretapearls.com\/de\/wp-json\/wp\/v2\/product_tag?post=30102"}],"curies":[{"name":"wp","href":"https:\/\/api.w.org\/{rel}","templated":true}]}}