{"id":30076,"date":"2025-08-14T05:56:45","date_gmt":"2025-08-14T09:56:45","guid":{"rendered":"https:\/\/gretapearls.com\/en\/?post_type=product&#038;p=30076"},"modified":"2026-02-07T11:07:13","modified_gmt":"2026-02-07T16:07:13","slug":"6-7-mm-weise-runde-naturperlen-mit-grosem-loch","status":"publish","type":"product","link":"https:\/\/gretapearls.com\/de\/shop\/6-7mm-white-round-large-hole-natural-pearls\/","title":{"rendered":"6-7 mm wei\u00dfe runde Naturperlen mit gro\u00dfem Loch"},"content":{"rendered":"","protected":false},"excerpt":{"rendered":"<p>Diese nat\u00fcrlichen S\u00fc\u00dfwasserperlen sind nahezu rund, 6\u20137 mm im Durchmesser, matt gl\u00e4nzend und haben ein 1,5 mm gro\u00dfes Loch. Sie besitzen eine glatte Oberfl\u00e4che und eine leichte, nat\u00fcrliche Struktur. Erh\u00e4ltlich sind sie als lose Perlen f\u00fcr Halsketten, Armb\u00e4nder oder Ohrringe und verleihen Ihrer Schmucksammlung zeitlose Eleganz.<\/p>","protected":false},"featured_media":30071,"comment_status":"open","ping_status":"closed","template":"","meta":[],"product_brand":[],"product_cat":[54],"product_tag":[91,86,82],"class_list":{"0":"post-30076","1":"product","2":"type-product","3":"status-publish","4":"has-post-thumbnail","6":"product_cat-freshwater-pearls-wholesale","7":"product_tag-full-drilled-pearls","8":"product_tag-loose-freshwater-pearls-wholesale","9":"product_tag-medium-freshwater-pearls-wholesale","10":"pa_color-white-pearls","11":"pa_shape-round-pearls","13":"first","14":"instock","15":"taxable","16":"shipping-taxable","17":"purchasable","18":"product-type-simple"},"tiered_pricing_type":"percentage","tiered_pricing_fixed_rules":[],"tiered_pricing_product_settings":{"layout":"default","base_unit_name":{"singular":null,"plural":null},"default_variation":null},"tiered_pricing_minimum_quantity":10,"tiered_pricing_roles_data":[],"tiered_pricing_percentage_rules":{"30":"5","50":"8","100":"10"},"tiered_pricing_maximum_quantity":null,"tiered_pricing_quantity_step":null,"_links":{"self":[{"href":"https:\/\/gretapearls.com\/de\/wp-json\/wp\/v2\/product\/30076","targetHints":{"allow":["GET"]}}],"collection":[{"href":"https:\/\/gretapearls.com\/de\/wp-json\/wp\/v2\/product"}],"about":[{"href":"https:\/\/gretapearls.com\/de\/wp-json\/wp\/v2\/types\/product"}],"replies":[{"embeddable":true,"href":"https:\/\/gretapearls.com\/de\/wp-json\/wp\/v2\/comments?post=30076"}],"wp:featuredmedia":[{"embeddable":true,"href":"https:\/\/gretapearls.com\/de\/wp-json\/wp\/v2\/media\/30071"}],"wp:attachment":[{"href":"https:\/\/gretapearls.com\/de\/wp-json\/wp\/v2\/media?parent=30076"}],"wp:term":[{"taxonomy":"product_brand","embeddable":true,"href":"https:\/\/gretapearls.com\/de\/wp-json\/wp\/v2\/product_brand?post=30076"},{"taxonomy":"product_cat","embeddable":true,"href":"https:\/\/gretapearls.com\/de\/wp-json\/wp\/v2\/product_cat?post=30076"},{"taxonomy":"product_tag","embeddable":true,"href":"https:\/\/gretapearls.com\/de\/wp-json\/wp\/v2\/product_tag?post=30076"}],"curies":[{"name":"wp","href":"https:\/\/api.w.org\/{rel}","templated":true}]}}