{"id":29985,"date":"2025-08-14T05:51:12","date_gmt":"2025-08-14T09:51:12","guid":{"rendered":"https:\/\/gretapearls.com\/en\/?post_type=product&#038;p=29985"},"modified":"2026-02-07T11:07:13","modified_gmt":"2026-02-07T16:07:13","slug":"10-mm-grose-silberfarbene-hochglanzende-barockperlen-in-freiform","status":"publish","type":"product","link":"https:\/\/gretapearls.com\/de\/shop\/10mm-silver-high-luster-free-form-baroque-pearls\/","title":{"rendered":"10 mm Silberne, hochgl\u00e4nzende, freigeformte Barockperlen"},"content":{"rendered":"","protected":false},"excerpt":{"rendered":"<p>Nat\u00fcrliche S\u00fc\u00dfwasser-Barockperlen, freigeformt, je ca. 10 mm. Diese losen, silberwei\u00dfen Perlen haben einen reichen Glanz und eine nat\u00fcrliche Oberfl\u00e4chenstruktur; jede ist zur H\u00e4lfte durchbohrt.<\/p>","protected":false},"featured_media":29980,"comment_status":"open","ping_status":"closed","template":"","meta":[],"product_brand":[],"product_cat":[124],"product_tag":[89,83,86],"class_list":{"0":"post-29985","1":"product","2":"type-product","3":"status-publish","4":"has-post-thumbnail","6":"product_cat-irregular-pearls","7":"product_tag-half-drilled-pearls","8":"product_tag-large-freshwater-pearls-wholesale","9":"product_tag-loose-freshwater-pearls-wholesale","10":"pa_color-white-pearls","11":"pa_shape-freeform-pearls","13":"first","14":"instock","15":"taxable","16":"shipping-taxable","17":"purchasable","18":"product-type-simple"},"tiered_pricing_type":"percentage","tiered_pricing_fixed_rules":[],"tiered_pricing_product_settings":{"layout":"default","base_unit_name":{"singular":null,"plural":null},"default_variation":null},"tiered_pricing_minimum_quantity":10,"tiered_pricing_roles_data":[],"tiered_pricing_percentage_rules":{"30":"5","50":"8","100":"10"},"tiered_pricing_maximum_quantity":null,"tiered_pricing_quantity_step":null,"_links":{"self":[{"href":"https:\/\/gretapearls.com\/de\/wp-json\/wp\/v2\/product\/29985","targetHints":{"allow":["GET"]}}],"collection":[{"href":"https:\/\/gretapearls.com\/de\/wp-json\/wp\/v2\/product"}],"about":[{"href":"https:\/\/gretapearls.com\/de\/wp-json\/wp\/v2\/types\/product"}],"replies":[{"embeddable":true,"href":"https:\/\/gretapearls.com\/de\/wp-json\/wp\/v2\/comments?post=29985"}],"wp:featuredmedia":[{"embeddable":true,"href":"https:\/\/gretapearls.com\/de\/wp-json\/wp\/v2\/media\/29980"}],"wp:attachment":[{"href":"https:\/\/gretapearls.com\/de\/wp-json\/wp\/v2\/media?parent=29985"}],"wp:term":[{"taxonomy":"product_brand","embeddable":true,"href":"https:\/\/gretapearls.com\/de\/wp-json\/wp\/v2\/product_brand?post=29985"},{"taxonomy":"product_cat","embeddable":true,"href":"https:\/\/gretapearls.com\/de\/wp-json\/wp\/v2\/product_cat?post=29985"},{"taxonomy":"product_tag","embeddable":true,"href":"https:\/\/gretapearls.com\/de\/wp-json\/wp\/v2\/product_tag?post=29985"}],"curies":[{"name":"wp","href":"https:\/\/api.w.org\/{rel}","templated":true}]}}