{"id":29767,"date":"2025-08-14T05:38:23","date_gmt":"2025-08-14T09:38:23","guid":{"rendered":"https:\/\/gretapearls.com\/en\/?post_type=product&#038;p=29767"},"modified":"2026-02-07T11:07:16","modified_gmt":"2026-02-07T16:07:16","slug":"stark-glanzende-ungebohrte-suswasserperlen-in-freier-barockform","status":"publish","type":"product","link":"https:\/\/gretapearls.com\/de\/shop\/strong-luster-freshwater-undrilled-free-form-baroque-pearls\/","title":{"rendered":"Stark gl\u00e4nzende, ungebohrte S\u00fc\u00dfwasser-Barockperlen in Freiform"},"content":{"rendered":"","protected":false},"excerpt":{"rendered":"<p>Nat\u00fcrliche S\u00fc\u00dfwasser-Barockperlen in Fischschwanzform zeigen einen intensiven Regenbogen-Schimmer in Wei\u00df-, Pfirsich- und Goldt\u00f6nen. Jede ungebohrte Perle offenbart einzigartige, unregelm\u00e4\u00dfige Konturen und nat\u00fcrliche Oberfl\u00e4chenstrukturen. Anmerkungen zur Bohrmethode k\u00f6nnen hinzugef\u00fcgt werden. Ideal f\u00fcr DIY-Anh\u00e4nger, Statement-Ketten oder Boho-Ohrringe.<\/p>","protected":false},"featured_media":29759,"comment_status":"open","ping_status":"closed","template":"","meta":[],"product_brand":[],"product_cat":[56],"product_tag":[83,86,88],"class_list":{"0":"post-29767","1":"product","2":"type-product","3":"status-publish","4":"has-post-thumbnail","6":"product_cat-baroque-pearls-wholesale","7":"product_tag-large-freshwater-pearls-wholesale","8":"product_tag-loose-freshwater-pearls-wholesale","9":"product_tag-no-hole-pearls-bulk","10":"pa_color-colors-pearls","11":"pa_color-purple-pearls","12":"pa_color-white-pearls","13":"pa_shape-freeform-pearls","15":"first","16":"instock","17":"taxable","18":"shipping-taxable","19":"purchasable","20":"product-type-variable"},"tiered_pricing_type":"fixed","tiered_pricing_fixed_rules":[],"tiered_pricing_product_settings":{"layout":"default","base_unit_name":{"singular":null,"plural":null},"default_variation":null},"tiered_pricing_minimum_quantity":null,"tiered_pricing_roles_data":[],"tiered_pricing_percentage_rules":[],"tiered_pricing_maximum_quantity":null,"tiered_pricing_quantity_step":null,"_links":{"self":[{"href":"https:\/\/gretapearls.com\/de\/wp-json\/wp\/v2\/product\/29767","targetHints":{"allow":["GET"]}}],"collection":[{"href":"https:\/\/gretapearls.com\/de\/wp-json\/wp\/v2\/product"}],"about":[{"href":"https:\/\/gretapearls.com\/de\/wp-json\/wp\/v2\/types\/product"}],"replies":[{"embeddable":true,"href":"https:\/\/gretapearls.com\/de\/wp-json\/wp\/v2\/comments?post=29767"}],"wp:featuredmedia":[{"embeddable":true,"href":"https:\/\/gretapearls.com\/de\/wp-json\/wp\/v2\/media\/29759"}],"wp:attachment":[{"href":"https:\/\/gretapearls.com\/de\/wp-json\/wp\/v2\/media?parent=29767"}],"wp:term":[{"taxonomy":"product_brand","embeddable":true,"href":"https:\/\/gretapearls.com\/de\/wp-json\/wp\/v2\/product_brand?post=29767"},{"taxonomy":"product_cat","embeddable":true,"href":"https:\/\/gretapearls.com\/de\/wp-json\/wp\/v2\/product_cat?post=29767"},{"taxonomy":"product_tag","embeddable":true,"href":"https:\/\/gretapearls.com\/de\/wp-json\/wp\/v2\/product_tag?post=29767"}],"curies":[{"name":"wp","href":"https:\/\/api.w.org\/{rel}","templated":true}]}}