{"id":29708,"date":"2025-08-14T05:35:30","date_gmt":"2025-08-14T09:35:30","guid":{"rendered":"https:\/\/gretapearls.com\/en\/?post_type=product&#038;p=29708"},"modified":"2026-02-07T11:07:14","modified_gmt":"2026-02-07T16:07:14","slug":"3-4-mm-grose-naturliche-seitlich-gebohrte-suswasserperlen-mit-hohem-glanz","status":"publish","type":"product","link":"https:\/\/gretapearls.com\/de\/shop\/3-4mm-natural-side-drilling-high-luster-freshwater-pearls\/","title":{"rendered":"3-4 mm nat\u00fcrliche, seitlich gebohrte S\u00fc\u00dfwasserperlen mit hohem Glanz"},"content":{"rendered":"","protected":false},"excerpt":{"rendered":"<p>Nat\u00fcrliche S\u00fc\u00dfwasser-Barockperlen in Elfenbein-, Lila- und Pfirsicht\u00f6nen (3\u20134 mm) zeichnen sich durch einen strahlenden, beidseitigen Glanz, eine unregelm\u00e4\u00dfige Oberfl\u00e4chenstruktur und 3\u20137 Lochbohrungen zum einfachen Auff\u00e4deln aus. Verkauf pro Strang. Ideal f\u00fcr Boho-Chic-Halsketten und -Ohrringe.<\/p>","protected":false},"featured_media":29703,"comment_status":"open","ping_status":"closed","template":"","meta":[],"product_brand":[],"product_cat":[54],"product_tag":[90,81,85],"class_list":{"0":"post-29708","1":"product","2":"type-product","3":"status-publish","4":"has-post-thumbnail","6":"product_cat-freshwater-pearls-wholesale","7":"product_tag-side-drilled-pearls","8":"product_tag-small-freshwater-pearls-wholesale","9":"product_tag-bulk-string-pearls","10":"pa_color-champagne-pearls","11":"pa_color-purple-pearls","12":"pa_color-white-pearls","13":"pa_shape-freeform-pearls","15":"first","16":"instock","17":"taxable","18":"shipping-taxable","19":"purchasable","20":"product-type-variable"},"tiered_pricing_type":"fixed","tiered_pricing_fixed_rules":[],"tiered_pricing_product_settings":{"layout":"default","base_unit_name":{"singular":null,"plural":null},"default_variation":null},"tiered_pricing_minimum_quantity":null,"tiered_pricing_roles_data":[],"tiered_pricing_percentage_rules":[],"tiered_pricing_maximum_quantity":null,"tiered_pricing_quantity_step":null,"_links":{"self":[{"href":"https:\/\/gretapearls.com\/de\/wp-json\/wp\/v2\/product\/29708","targetHints":{"allow":["GET"]}}],"collection":[{"href":"https:\/\/gretapearls.com\/de\/wp-json\/wp\/v2\/product"}],"about":[{"href":"https:\/\/gretapearls.com\/de\/wp-json\/wp\/v2\/types\/product"}],"replies":[{"embeddable":true,"href":"https:\/\/gretapearls.com\/de\/wp-json\/wp\/v2\/comments?post=29708"}],"wp:featuredmedia":[{"embeddable":true,"href":"https:\/\/gretapearls.com\/de\/wp-json\/wp\/v2\/media\/29703"}],"wp:attachment":[{"href":"https:\/\/gretapearls.com\/de\/wp-json\/wp\/v2\/media?parent=29708"}],"wp:term":[{"taxonomy":"product_brand","embeddable":true,"href":"https:\/\/gretapearls.com\/de\/wp-json\/wp\/v2\/product_brand?post=29708"},{"taxonomy":"product_cat","embeddable":true,"href":"https:\/\/gretapearls.com\/de\/wp-json\/wp\/v2\/product_cat?post=29708"},{"taxonomy":"product_tag","embeddable":true,"href":"https:\/\/gretapearls.com\/de\/wp-json\/wp\/v2\/product_tag?post=29708"}],"curies":[{"name":"wp","href":"https:\/\/api.w.org\/{rel}","templated":true}]}}