{"id":29693,"date":"2025-08-14T05:34:38","date_gmt":"2025-08-14T09:34:38","guid":{"rendered":"https:\/\/gretapearls.com\/en\/?post_type=product&#038;p=29693"},"modified":"2026-02-07T11:07:14","modified_gmt":"2026-02-07T16:07:14","slug":"4-4-5-mm-ovale-suswasserperlen-in-bonbonfarben","status":"publish","type":"product","link":"https:\/\/gretapearls.com\/de\/shop\/4-4-5mm-candy-colors-oval-freshwater-pearls\/","title":{"rendered":"4-4,5 mm gro\u00dfe, ovale S\u00fc\u00dfwasserperlen in Bonbonfarben"},"content":{"rendered":"","protected":false},"excerpt":{"rendered":"<p>Nat\u00fcrliche, nahezu runde S\u00fc\u00dfwasserperlen, 4\u20134,5 mm Durchmesser, hoher Glanz und glatte Oberfl\u00e4che, mittig gebohrt und als lose Perlen zum Selbermachen von Halsketten erh\u00e4ltlich. Ideal f\u00fcr die Anfertigung zarter Schl\u00fcsselbeinketten und eleganter, minimalistischer Schmuckst\u00fccke.<\/p>","protected":false},"featured_media":29687,"comment_status":"open","ping_status":"closed","template":"","meta":[],"product_brand":[],"product_cat":[54],"product_tag":[91,82,85],"class_list":{"0":"post-29693","1":"product","2":"type-product","3":"status-publish","4":"has-post-thumbnail","6":"product_cat-freshwater-pearls-wholesale","7":"product_tag-full-drilled-pearls","8":"product_tag-medium-freshwater-pearls-wholesale","9":"product_tag-bulk-string-pearls","10":"pa_color-candy-pearls","11":"pa_color-white-pearls","12":"pa_shape-oval-pearls","14":"first","15":"instock","16":"taxable","17":"shipping-taxable","18":"purchasable","19":"product-type-variable"},"tiered_pricing_type":"fixed","tiered_pricing_fixed_rules":[],"tiered_pricing_product_settings":{"layout":"default","base_unit_name":{"singular":null,"plural":null},"default_variation":null},"tiered_pricing_minimum_quantity":null,"tiered_pricing_roles_data":[],"tiered_pricing_percentage_rules":[],"tiered_pricing_maximum_quantity":null,"tiered_pricing_quantity_step":null,"_links":{"self":[{"href":"https:\/\/gretapearls.com\/de\/wp-json\/wp\/v2\/product\/29693","targetHints":{"allow":["GET"]}}],"collection":[{"href":"https:\/\/gretapearls.com\/de\/wp-json\/wp\/v2\/product"}],"about":[{"href":"https:\/\/gretapearls.com\/de\/wp-json\/wp\/v2\/types\/product"}],"replies":[{"embeddable":true,"href":"https:\/\/gretapearls.com\/de\/wp-json\/wp\/v2\/comments?post=29693"}],"wp:featuredmedia":[{"embeddable":true,"href":"https:\/\/gretapearls.com\/de\/wp-json\/wp\/v2\/media\/29687"}],"wp:attachment":[{"href":"https:\/\/gretapearls.com\/de\/wp-json\/wp\/v2\/media?parent=29693"}],"wp:term":[{"taxonomy":"product_brand","embeddable":true,"href":"https:\/\/gretapearls.com\/de\/wp-json\/wp\/v2\/product_brand?post=29693"},{"taxonomy":"product_cat","embeddable":true,"href":"https:\/\/gretapearls.com\/de\/wp-json\/wp\/v2\/product_cat?post=29693"},{"taxonomy":"product_tag","embeddable":true,"href":"https:\/\/gretapearls.com\/de\/wp-json\/wp\/v2\/product_tag?post=29693"}],"curies":[{"name":"wp","href":"https:\/\/api.w.org\/{rel}","templated":true}]}}