{"id":29652,"date":"2025-08-14T05:32:01","date_gmt":"2025-08-14T09:32:01","guid":{"rendered":"https:\/\/gretapearls.com\/en\/?post_type=product&#038;p=29652"},"modified":"2026-02-07T11:07:10","modified_gmt":"2026-02-07T16:07:10","slug":"4-5-mm-weise-rosa-violette-hochglanzende-ovale-suswasserperlen","status":"publish","type":"product","link":"https:\/\/gretapearls.com\/de\/shop\/4-5mm-white-pink-purple-high-luster-oval-freshwater-pearls\/","title":{"rendered":"4-5 mm wei\u00dfe, rosa, violette, hochgl\u00e4nzende ovale S\u00fc\u00dfwasserperlen"},"content":{"rendered":"","protected":false},"excerpt":{"rendered":"<p>Diese nat\u00fcrlichen S\u00fc\u00dfwasserperlen haben einen Durchmesser von 4\u20135 mm und sind oval. Sie schimmern in zarten Wei\u00df-, Rosa- und Violettt\u00f6nen und weisen einen starken Glanz auf. Die Perlen sind bereits auf Ketten aufgef\u00e4delt. Dank ihrer vielseitigen Gr\u00f6\u00dfe und der polierten Oberfl\u00e4che eignen sie sich perfekt f\u00fcr die Anfertigung von filigranen Chokern, Armb\u00e4ndern zum Kombinieren oder eleganten, mehrlagigen Halsketten.<\/p>","protected":false},"featured_media":29645,"comment_status":"open","ping_status":"closed","template":"","meta":[],"product_brand":[],"product_cat":[54],"product_tag":[91,82,85],"class_list":{"0":"post-29652","1":"product","2":"type-product","3":"status-publish","4":"has-post-thumbnail","6":"product_cat-freshwater-pearls-wholesale","7":"product_tag-full-drilled-pearls","8":"product_tag-medium-freshwater-pearls-wholesale","9":"product_tag-bulk-string-pearls","10":"pa_color-champagne-pearls","11":"pa_color-purple-pearls","12":"pa_color-white-pearls","13":"pa_shape-oval-pearls","15":"first","16":"instock","17":"taxable","18":"shipping-taxable","19":"purchasable","20":"product-type-variable"},"tiered_pricing_type":"fixed","tiered_pricing_fixed_rules":[],"tiered_pricing_product_settings":{"layout":"default","base_unit_name":{"singular":null,"plural":null},"default_variation":null},"tiered_pricing_minimum_quantity":null,"tiered_pricing_roles_data":[],"tiered_pricing_percentage_rules":[],"tiered_pricing_maximum_quantity":null,"tiered_pricing_quantity_step":null,"_links":{"self":[{"href":"https:\/\/gretapearls.com\/de\/wp-json\/wp\/v2\/product\/29652","targetHints":{"allow":["GET"]}}],"collection":[{"href":"https:\/\/gretapearls.com\/de\/wp-json\/wp\/v2\/product"}],"about":[{"href":"https:\/\/gretapearls.com\/de\/wp-json\/wp\/v2\/types\/product"}],"replies":[{"embeddable":true,"href":"https:\/\/gretapearls.com\/de\/wp-json\/wp\/v2\/comments?post=29652"}],"wp:featuredmedia":[{"embeddable":true,"href":"https:\/\/gretapearls.com\/de\/wp-json\/wp\/v2\/media\/29645"}],"wp:attachment":[{"href":"https:\/\/gretapearls.com\/de\/wp-json\/wp\/v2\/media?parent=29652"}],"wp:term":[{"taxonomy":"product_brand","embeddable":true,"href":"https:\/\/gretapearls.com\/de\/wp-json\/wp\/v2\/product_brand?post=29652"},{"taxonomy":"product_cat","embeddable":true,"href":"https:\/\/gretapearls.com\/de\/wp-json\/wp\/v2\/product_cat?post=29652"},{"taxonomy":"product_tag","embeddable":true,"href":"https:\/\/gretapearls.com\/de\/wp-json\/wp\/v2\/product_tag?post=29652"}],"curies":[{"name":"wp","href":"https:\/\/api.w.org\/{rel}","templated":true}]}}