{"id":28054,"date":"2025-07-15T12:04:12","date_gmt":"2025-07-15T16:04:12","guid":{"rendered":"https:\/\/gretapearls.com\/en\/?post_type=product&#038;p=28054"},"modified":"2026-02-07T13:39:29","modified_gmt":"2026-02-07T18:39:29","slug":"ohrringe-aus-925er-sterlingsilber-vergoldet-mit-barockperlen","status":"publish","type":"product","link":"https:\/\/gretapearls.com\/de\/shop\/s925-silver-gold-plated-baroque-pearl-earrings\/","title":{"rendered":"Ohrringe aus 925er Silber, vergoldet, mit Barockperlen"},"content":{"rendered":"","protected":false},"excerpt":{"rendered":"<p>Diese Ohrringe sind aus barocken S\u00fc\u00dfwasserperlen auf vergoldetem Kupfer gefertigt und werden von Stiften aus 925er Sterlingsilber gehalten. Sie vereinen Vintage-Charme mit moderner L\u00e4ssigkeit. Jede unregelm\u00e4\u00dfige Perlenform f\u00e4ngt das Licht in Bewegung ein und verleiht den Ohrringen eine verspielte, organische Note.<\/p>","protected":false},"featured_media":28051,"comment_status":"open","ping_status":"closed","template":"","meta":[],"product_brand":[],"product_cat":[93,94],"product_tag":[],"class_list":{"0":"post-28054","1":"product","2":"type-product","3":"status-publish","4":"has-post-thumbnail","6":"product_cat-wholesale-pearl-earrings","7":"product_cat-wholesale-pearl-drop-earrings","9":"first","10":"instock","11":"taxable","12":"shipping-taxable","13":"purchasable","14":"product-type-simple"},"tiered_pricing_type":"fixed","tiered_pricing_fixed_rules":[],"tiered_pricing_product_settings":{"layout":"default","base_unit_name":{"singular":null,"plural":null},"default_variation":null},"tiered_pricing_minimum_quantity":null,"tiered_pricing_roles_data":[],"tiered_pricing_percentage_rules":[],"tiered_pricing_maximum_quantity":null,"tiered_pricing_quantity_step":null,"_links":{"self":[{"href":"https:\/\/gretapearls.com\/de\/wp-json\/wp\/v2\/product\/28054","targetHints":{"allow":["GET"]}}],"collection":[{"href":"https:\/\/gretapearls.com\/de\/wp-json\/wp\/v2\/product"}],"about":[{"href":"https:\/\/gretapearls.com\/de\/wp-json\/wp\/v2\/types\/product"}],"replies":[{"embeddable":true,"href":"https:\/\/gretapearls.com\/de\/wp-json\/wp\/v2\/comments?post=28054"}],"wp:featuredmedia":[{"embeddable":true,"href":"https:\/\/gretapearls.com\/de\/wp-json\/wp\/v2\/media\/28051"}],"wp:attachment":[{"href":"https:\/\/gretapearls.com\/de\/wp-json\/wp\/v2\/media?parent=28054"}],"wp:term":[{"taxonomy":"product_brand","embeddable":true,"href":"https:\/\/gretapearls.com\/de\/wp-json\/wp\/v2\/product_brand?post=28054"},{"taxonomy":"product_cat","embeddable":true,"href":"https:\/\/gretapearls.com\/de\/wp-json\/wp\/v2\/product_cat?post=28054"},{"taxonomy":"product_tag","embeddable":true,"href":"https:\/\/gretapearls.com\/de\/wp-json\/wp\/v2\/product_tag?post=28054"}],"curies":[{"name":"wp","href":"https:\/\/api.w.org\/{rel}","templated":true}]}}