{"id":27774,"date":"2025-07-14T12:25:06","date_gmt":"2025-07-14T16:25:06","guid":{"rendered":"https:\/\/gretapearls.com\/en\/?post_type=product&#038;p=27774"},"modified":"2026-02-07T13:39:28","modified_gmt":"2026-02-07T18:39:28","slug":"diana-anhanger-halskette-aus-925er-sterlingsilber-mit-suswasserperle","status":"publish","type":"product","link":"https:\/\/gretapearls.com\/de\/shop\/925-silver-freshwater-pearl-diana-pendant-necklace\/","title":{"rendered":"Diana-Anh\u00e4nger-Halskette aus 925er Sterlingsilber mit S\u00fc\u00dfwasserperle"},"content":{"rendered":"","protected":false},"excerpt":{"rendered":"<p>Wir kombinierten 925er Sterlingsilber mit einem runden Edison-S\u00fc\u00dfwasserperlenanh\u00e4nger, um den Stil von Diana zu verk\u00f6rpern. Eine schmale \u00d6se h\u00e4lt die Perle in einem leichten Winkel, wodurch ein schwebender Effekt entsteht, der ihren nat\u00fcrlichen Glanz optimal zur Geltung bringt und ein leuchtendes Schimmern erzeugt.<\/p>","protected":false},"featured_media":27771,"comment_status":"open","ping_status":"closed","template":"","meta":[],"product_brand":[],"product_cat":[98,99,101],"product_tag":[],"class_list":{"0":"post-27774","1":"product","2":"type-product","3":"status-publish","4":"has-post-thumbnail","6":"product_cat-wholesale-pearl-necklace","7":"product_cat-wholesale-chain-necklaces","8":"product_cat-wholesale-pearl-pendant-necklace","10":"first","11":"instock","12":"taxable","13":"shipping-taxable","14":"purchasable","15":"product-type-simple"},"tiered_pricing_type":"fixed","tiered_pricing_fixed_rules":[],"tiered_pricing_product_settings":{"layout":"default","base_unit_name":{"singular":null,"plural":null},"default_variation":null},"tiered_pricing_minimum_quantity":null,"tiered_pricing_roles_data":[],"tiered_pricing_percentage_rules":[],"tiered_pricing_maximum_quantity":null,"tiered_pricing_quantity_step":null,"_links":{"self":[{"href":"https:\/\/gretapearls.com\/de\/wp-json\/wp\/v2\/product\/27774","targetHints":{"allow":["GET"]}}],"collection":[{"href":"https:\/\/gretapearls.com\/de\/wp-json\/wp\/v2\/product"}],"about":[{"href":"https:\/\/gretapearls.com\/de\/wp-json\/wp\/v2\/types\/product"}],"replies":[{"embeddable":true,"href":"https:\/\/gretapearls.com\/de\/wp-json\/wp\/v2\/comments?post=27774"}],"wp:featuredmedia":[{"embeddable":true,"href":"https:\/\/gretapearls.com\/de\/wp-json\/wp\/v2\/media\/27771"}],"wp:attachment":[{"href":"https:\/\/gretapearls.com\/de\/wp-json\/wp\/v2\/media?parent=27774"}],"wp:term":[{"taxonomy":"product_brand","embeddable":true,"href":"https:\/\/gretapearls.com\/de\/wp-json\/wp\/v2\/product_brand?post=27774"},{"taxonomy":"product_cat","embeddable":true,"href":"https:\/\/gretapearls.com\/de\/wp-json\/wp\/v2\/product_cat?post=27774"},{"taxonomy":"product_tag","embeddable":true,"href":"https:\/\/gretapearls.com\/de\/wp-json\/wp\/v2\/product_tag?post=27774"}],"curies":[{"name":"wp","href":"https:\/\/api.w.org\/{rel}","templated":true}]}}