{"id":27716,"date":"2025-07-14T12:22:08","date_gmt":"2025-07-14T16:22:08","guid":{"rendered":"https:\/\/gretapearls.com\/en\/?post_type=product&#038;p=27716"},"modified":"2026-02-07T13:39:26","modified_gmt":"2026-02-07T18:39:26","slug":"ohrringe-aus-925er-silber-mit-suswasserperlen-und-franzosischem-blumenmuster","status":"publish","type":"product","link":"https:\/\/gretapearls.com\/de\/shop\/s925-silver-freshwater-pearl-french-floral-earrings\/","title":{"rendered":"Ohrringe aus 925er Silber mit S\u00fc\u00dfwasserperlen im franz\u00f6sischen Blumenmuster"},"content":{"rendered":"","protected":false},"excerpt":{"rendered":"<p>Wir kombinieren nat\u00fcrliche S\u00fc\u00dfwasserperlen mit Ohrsteckern aus 925er Sterlingsilber zu einem Ohrring im franz\u00f6sischen Vintage-Stil mit handgewebten Bl\u00fctenkugeln. Jeder Ohrring besticht durch kunstvoll geflochtenen Silberdraht, der eine zentrale Perle umschlie\u00dft und so eine einzigartige Bl\u00fctenform mit handwerklichem Charme erzeugt.<\/p>","protected":false},"featured_media":27712,"comment_status":"open","ping_status":"closed","template":"","meta":[],"product_brand":[],"product_cat":[93,97],"product_tag":[],"class_list":{"0":"post-27716","1":"product","2":"type-product","3":"status-publish","4":"has-post-thumbnail","6":"product_cat-wholesale-pearl-earrings","7":"product_cat-wholesale-stud-earrings","9":"first","10":"instock","11":"taxable","12":"shipping-taxable","13":"purchasable","14":"product-type-simple"},"tiered_pricing_type":"fixed","tiered_pricing_fixed_rules":[],"tiered_pricing_product_settings":{"layout":"default","base_unit_name":{"singular":null,"plural":null},"default_variation":null},"tiered_pricing_minimum_quantity":null,"tiered_pricing_roles_data":[],"tiered_pricing_percentage_rules":[],"tiered_pricing_maximum_quantity":null,"tiered_pricing_quantity_step":null,"_links":{"self":[{"href":"https:\/\/gretapearls.com\/de\/wp-json\/wp\/v2\/product\/27716","targetHints":{"allow":["GET"]}}],"collection":[{"href":"https:\/\/gretapearls.com\/de\/wp-json\/wp\/v2\/product"}],"about":[{"href":"https:\/\/gretapearls.com\/de\/wp-json\/wp\/v2\/types\/product"}],"replies":[{"embeddable":true,"href":"https:\/\/gretapearls.com\/de\/wp-json\/wp\/v2\/comments?post=27716"}],"wp:featuredmedia":[{"embeddable":true,"href":"https:\/\/gretapearls.com\/de\/wp-json\/wp\/v2\/media\/27712"}],"wp:attachment":[{"href":"https:\/\/gretapearls.com\/de\/wp-json\/wp\/v2\/media?parent=27716"}],"wp:term":[{"taxonomy":"product_brand","embeddable":true,"href":"https:\/\/gretapearls.com\/de\/wp-json\/wp\/v2\/product_brand?post=27716"},{"taxonomy":"product_cat","embeddable":true,"href":"https:\/\/gretapearls.com\/de\/wp-json\/wp\/v2\/product_cat?post=27716"},{"taxonomy":"product_tag","embeddable":true,"href":"https:\/\/gretapearls.com\/de\/wp-json\/wp\/v2\/product_tag?post=27716"}],"curies":[{"name":"wp","href":"https:\/\/api.w.org\/{rel}","templated":true}]}}