{"id":27513,"date":"2025-07-08T12:02:52","date_gmt":"2025-07-08T16:02:52","guid":{"rendered":"https:\/\/gretapearls.com\/en\/?post_type=product&#038;p=27513"},"modified":"2026-04-20T11:28:51","modified_gmt":"2026-04-20T15:28:51","slug":"8-9-mm-grose-weise-kleine-suswasserperle-mit-nucellarstruktur","status":"publish","type":"product","link":"https:\/\/gretapearls.com\/de\/shop\/8-9mm-nucellar-white-small-stone-freshwater-pearl\/","title":{"rendered":"8-9 mm gro\u00dfe, wei\u00dfe, kleine S\u00fc\u00dfwasserperle mit nuklearer Struktur"},"content":{"rendered":"","protected":false},"excerpt":{"rendered":"<p>Diese 8\u20139 mm gro\u00dfen wei\u00dfen S\u00fc\u00dfwasserperlen bestechen durch ihre charmante, barocke Form mit nat\u00fcrlichen Rundungen und einem sanften, leuchtenden Glanz. Sie eignen sich hervorragend f\u00fcr die Anfertigung von Ohrringen, Ringen oder Anh\u00e4ngern, die organisch, einzigartig und verspielt wirken.<\/p>","protected":false},"featured_media":27508,"comment_status":"open","ping_status":"closed","template":"","meta":[],"product_brand":[],"product_cat":[54,141],"product_tag":[86,82,88],"class_list":{"0":"post-27513","1":"product","2":"type-product","3":"status-publish","4":"has-post-thumbnail","6":"product_cat-freshwater-pearls-wholesale","7":"product_cat-promotions","8":"product_tag-loose-freshwater-pearls-wholesale","9":"product_tag-medium-freshwater-pearls-wholesale","10":"product_tag-no-hole-pearls-bulk","11":"pa_color-white-pearls","12":"pa_shape-freeform-pearls","14":"first","15":"instock","16":"sale","17":"taxable","18":"shipping-taxable","19":"purchasable","20":"product-type-simple"},"tiered_pricing_type":"fixed","tiered_pricing_fixed_rules":[],"tiered_pricing_product_settings":{"layout":"default","base_unit_name":{"singular":null,"plural":null},"default_variation":null},"tiered_pricing_minimum_quantity":10,"tiered_pricing_roles_data":[],"tiered_pricing_percentage_rules":[],"tiered_pricing_maximum_quantity":null,"tiered_pricing_quantity_step":null,"_links":{"self":[{"href":"https:\/\/gretapearls.com\/de\/wp-json\/wp\/v2\/product\/27513","targetHints":{"allow":["GET"]}}],"collection":[{"href":"https:\/\/gretapearls.com\/de\/wp-json\/wp\/v2\/product"}],"about":[{"href":"https:\/\/gretapearls.com\/de\/wp-json\/wp\/v2\/types\/product"}],"replies":[{"embeddable":true,"href":"https:\/\/gretapearls.com\/de\/wp-json\/wp\/v2\/comments?post=27513"}],"wp:featuredmedia":[{"embeddable":true,"href":"https:\/\/gretapearls.com\/de\/wp-json\/wp\/v2\/media\/27508"}],"wp:attachment":[{"href":"https:\/\/gretapearls.com\/de\/wp-json\/wp\/v2\/media?parent=27513"}],"wp:term":[{"taxonomy":"product_brand","embeddable":true,"href":"https:\/\/gretapearls.com\/de\/wp-json\/wp\/v2\/product_brand?post=27513"},{"taxonomy":"product_cat","embeddable":true,"href":"https:\/\/gretapearls.com\/de\/wp-json\/wp\/v2\/product_cat?post=27513"},{"taxonomy":"product_tag","embeddable":true,"href":"https:\/\/gretapearls.com\/de\/wp-json\/wp\/v2\/product_tag?post=27513"}],"curies":[{"name":"wp","href":"https:\/\/api.w.org\/{rel}","templated":true}]}}