{"id":27445,"date":"2025-07-05T09:28:16","date_gmt":"2025-07-05T13:28:16","guid":{"rendered":"https:\/\/gretapearls.com\/en\/?post_type=product&#038;p=27445"},"modified":"2026-02-07T13:12:52","modified_gmt":"2026-02-07T18:12:52","slug":"10-11-mm-grose-hochglanzende-faltenfreie-suswasserperlen","status":"publish","type":"product","link":"https:\/\/gretapearls.com\/de\/shop\/10-11mm-high-luster-wrinkled-free-form-freshwater-pearls\/","title":{"rendered":"10-11 mm gro\u00dfe, hochgl\u00e4nzende, faltige S\u00fc\u00dfwasserperlen in Freiform"},"content":{"rendered":"","protected":false},"excerpt":{"rendered":"<p>Diese 10\u201311 mm gro\u00dfen, nat\u00fcrlichen S\u00fc\u00dfwasserperlen bestechen durch ihr strahlendes Wei\u00df, ihren beidseitigen Hochglanz und ihre einzigartige, unregelm\u00e4\u00dfige, kieselsteinartige Oberfl\u00e4che. Sie sind mittig gebohrt und nukleasefrei. Ideal f\u00fcr die Anfertigung von Boho-Chic-Ketten und -Armb\u00e4ndern mit modernem, organischem Flair.<\/p>","protected":false},"featured_media":27440,"comment_status":"open","ping_status":"closed","template":"","meta":[],"product_brand":[],"product_cat":[54],"product_tag":[91,83,85],"class_list":{"0":"post-27445","1":"product","2":"type-product","3":"status-publish","4":"has-post-thumbnail","6":"product_cat-freshwater-pearls-wholesale","7":"product_tag-full-drilled-pearls","8":"product_tag-large-freshwater-pearls-wholesale","9":"product_tag-bulk-string-pearls","10":"pa_color-white-pearls","11":"pa_shape-flat-back-pearls","13":"first","14":"instock","15":"taxable","16":"shipping-taxable","17":"purchasable","18":"product-type-simple"},"tiered_pricing_type":"fixed","tiered_pricing_fixed_rules":[],"tiered_pricing_product_settings":{"layout":"default","base_unit_name":{"singular":null,"plural":null},"default_variation":null},"tiered_pricing_minimum_quantity":null,"tiered_pricing_roles_data":[],"tiered_pricing_percentage_rules":[],"tiered_pricing_maximum_quantity":null,"tiered_pricing_quantity_step":null,"_links":{"self":[{"href":"https:\/\/gretapearls.com\/de\/wp-json\/wp\/v2\/product\/27445","targetHints":{"allow":["GET"]}}],"collection":[{"href":"https:\/\/gretapearls.com\/de\/wp-json\/wp\/v2\/product"}],"about":[{"href":"https:\/\/gretapearls.com\/de\/wp-json\/wp\/v2\/types\/product"}],"replies":[{"embeddable":true,"href":"https:\/\/gretapearls.com\/de\/wp-json\/wp\/v2\/comments?post=27445"}],"wp:featuredmedia":[{"embeddable":true,"href":"https:\/\/gretapearls.com\/de\/wp-json\/wp\/v2\/media\/27440"}],"wp:attachment":[{"href":"https:\/\/gretapearls.com\/de\/wp-json\/wp\/v2\/media?parent=27445"}],"wp:term":[{"taxonomy":"product_brand","embeddable":true,"href":"https:\/\/gretapearls.com\/de\/wp-json\/wp\/v2\/product_brand?post=27445"},{"taxonomy":"product_cat","embeddable":true,"href":"https:\/\/gretapearls.com\/de\/wp-json\/wp\/v2\/product_cat?post=27445"},{"taxonomy":"product_tag","embeddable":true,"href":"https:\/\/gretapearls.com\/de\/wp-json\/wp\/v2\/product_tag?post=27445"}],"curies":[{"name":"wp","href":"https:\/\/api.w.org\/{rel}","templated":true}]}}