{"id":27427,"date":"2025-07-05T09:26:29","date_gmt":"2025-07-05T13:26:29","guid":{"rendered":"https:\/\/gretapearls.com\/en\/?post_type=product&#038;p=27427"},"modified":"2026-02-07T13:12:34","modified_gmt":"2026-02-07T18:12:34","slug":"6-7-mm-grose-stark-glanzende-suswasserperlen-in-blutenblattform","status":"publish","type":"product","link":"https:\/\/gretapearls.com\/de\/shop\/6-7mm-strong-luster-petal-freshwater-pearls\/","title":{"rendered":"6-7 mm gro\u00dfe, stark gl\u00e4nzende S\u00fc\u00dfwasserperlen mit Bl\u00fctenblattform"},"content":{"rendered":"","protected":false},"excerpt":{"rendered":"<p>S\u00fc\u00dfwasserperlen in Bl\u00fctenform, 6\u20137 mm gro\u00df, mit silberblauem, irisierendem Glanz, dezenter Oberfl\u00e4chenstruktur und L\u00e4ngsbohrung. Verkauf pro Strang. Perfekt f\u00fcr moderne, minimalistische oder Boho-Ketten, Armb\u00e4nder und Ohrringe.<\/p>","protected":false},"featured_media":27421,"comment_status":"open","ping_status":"closed","template":"","meta":[],"product_brand":[],"product_cat":[124,55],"product_tag":[91,82,85],"class_list":{"0":"post-27427","1":"product","2":"type-product","3":"status-publish","4":"has-post-thumbnail","6":"product_cat-irregular-pearls","7":"product_cat-keshi-pearls-wholesale","8":"product_tag-full-drilled-pearls","9":"product_tag-medium-freshwater-pearls-wholesale","10":"product_tag-bulk-string-pearls","11":"pa_color-white-pearls","12":"pa_shape-petal-pearls","14":"first","15":"instock","16":"taxable","17":"shipping-taxable","18":"purchasable","19":"product-type-simple"},"tiered_pricing_type":"fixed","tiered_pricing_fixed_rules":[],"tiered_pricing_product_settings":{"layout":"default","base_unit_name":{"singular":null,"plural":null},"default_variation":null},"tiered_pricing_minimum_quantity":null,"tiered_pricing_roles_data":[],"tiered_pricing_percentage_rules":[],"tiered_pricing_maximum_quantity":null,"tiered_pricing_quantity_step":null,"_links":{"self":[{"href":"https:\/\/gretapearls.com\/de\/wp-json\/wp\/v2\/product\/27427","targetHints":{"allow":["GET"]}}],"collection":[{"href":"https:\/\/gretapearls.com\/de\/wp-json\/wp\/v2\/product"}],"about":[{"href":"https:\/\/gretapearls.com\/de\/wp-json\/wp\/v2\/types\/product"}],"replies":[{"embeddable":true,"href":"https:\/\/gretapearls.com\/de\/wp-json\/wp\/v2\/comments?post=27427"}],"wp:featuredmedia":[{"embeddable":true,"href":"https:\/\/gretapearls.com\/de\/wp-json\/wp\/v2\/media\/27421"}],"wp:attachment":[{"href":"https:\/\/gretapearls.com\/de\/wp-json\/wp\/v2\/media?parent=27427"}],"wp:term":[{"taxonomy":"product_brand","embeddable":true,"href":"https:\/\/gretapearls.com\/de\/wp-json\/wp\/v2\/product_brand?post=27427"},{"taxonomy":"product_cat","embeddable":true,"href":"https:\/\/gretapearls.com\/de\/wp-json\/wp\/v2\/product_cat?post=27427"},{"taxonomy":"product_tag","embeddable":true,"href":"https:\/\/gretapearls.com\/de\/wp-json\/wp\/v2\/product_tag?post=27427"}],"curies":[{"name":"wp","href":"https:\/\/api.w.org\/{rel}","templated":true}]}}