{"id":27392,"date":"2025-07-05T09:24:01","date_gmt":"2025-07-05T13:24:01","guid":{"rendered":"https:\/\/gretapearls.com\/en\/?post_type=product&#038;p=27392"},"modified":"2026-02-07T11:06:50","modified_gmt":"2026-02-07T16:06:50","slug":"8-10-mm-grose-hochglanzende-mittig-gebohrte-keshi-perlen-in-blutenblattform","status":"publish","type":"product","link":"https:\/\/gretapearls.com\/de\/shop\/8-10mm-high-luster-center-drilled-petal-keshi-pearls\/","title":{"rendered":"8-10 mm gro\u00dfe, hochgl\u00e4nzende, mittig gebohrte Keshi-Perlen in Bl\u00fctenform"},"content":{"rendered":"","protected":false},"excerpt":{"rendered":"<p>Bl\u00fctenblattf\u00f6rmige, rekonstituierte S\u00fc\u00dfwasser-Barockperlen, 8\u201310 mm, cremewei\u00df mit starkem Glanz, unregelm\u00e4\u00dfiger Textur und mittig gebohrten L\u00f6chern. Einzeln erh\u00e4ltlich. Ideal f\u00fcr Boho-Ketten oder Armb\u00e4nder aus verschiedenen Materialien.<\/p>","protected":false},"featured_media":27386,"comment_status":"open","ping_status":"closed","template":"","meta":[],"product_brand":[],"product_cat":[124,55],"product_tag":[91,83,86],"class_list":{"0":"post-27392","1":"product","2":"type-product","3":"status-publish","4":"has-post-thumbnail","6":"product_cat-irregular-pearls","7":"product_cat-keshi-pearls-wholesale","8":"product_tag-full-drilled-pearls","9":"product_tag-large-freshwater-pearls-wholesale","10":"product_tag-loose-freshwater-pearls-wholesale","11":"pa_color-white-pearls","12":"pa_shape-petal-pearls","14":"first","15":"instock","16":"taxable","17":"shipping-taxable","18":"purchasable","19":"product-type-variable"},"tiered_pricing_type":"percentage","tiered_pricing_fixed_rules":[],"tiered_pricing_product_settings":{"layout":"default","base_unit_name":{"singular":null,"plural":null},"default_variation":null},"tiered_pricing_minimum_quantity":10,"tiered_pricing_roles_data":[],"tiered_pricing_percentage_rules":{"30":"10","100":"12","150":"15"},"tiered_pricing_maximum_quantity":null,"tiered_pricing_quantity_step":null,"_links":{"self":[{"href":"https:\/\/gretapearls.com\/de\/wp-json\/wp\/v2\/product\/27392","targetHints":{"allow":["GET"]}}],"collection":[{"href":"https:\/\/gretapearls.com\/de\/wp-json\/wp\/v2\/product"}],"about":[{"href":"https:\/\/gretapearls.com\/de\/wp-json\/wp\/v2\/types\/product"}],"replies":[{"embeddable":true,"href":"https:\/\/gretapearls.com\/de\/wp-json\/wp\/v2\/comments?post=27392"}],"wp:featuredmedia":[{"embeddable":true,"href":"https:\/\/gretapearls.com\/de\/wp-json\/wp\/v2\/media\/27386"}],"wp:attachment":[{"href":"https:\/\/gretapearls.com\/de\/wp-json\/wp\/v2\/media?parent=27392"}],"wp:term":[{"taxonomy":"product_brand","embeddable":true,"href":"https:\/\/gretapearls.com\/de\/wp-json\/wp\/v2\/product_brand?post=27392"},{"taxonomy":"product_cat","embeddable":true,"href":"https:\/\/gretapearls.com\/de\/wp-json\/wp\/v2\/product_cat?post=27392"},{"taxonomy":"product_tag","embeddable":true,"href":"https:\/\/gretapearls.com\/de\/wp-json\/wp\/v2\/product_tag?post=27392"}],"curies":[{"name":"wp","href":"https:\/\/api.w.org\/{rel}","templated":true}]}}