{"id":27335,"date":"2025-07-05T09:20:01","date_gmt":"2025-07-05T13:20:01","guid":{"rendered":"https:\/\/gretapearls.com\/en\/?post_type=product&#038;p=27335"},"modified":"2026-02-07T13:11:27","modified_gmt":"2026-02-07T18:11:27","slug":"10-11mm-hochwertige-naturliche-suswasser-rundballe","status":"publish","type":"product","link":"https:\/\/gretapearls.com\/de\/shop\/10-11mm-high-quality-natural-freshwater-round-b\/","title":{"rendered":"10-11 mm Hochwertige nat\u00fcrliche S\u00fc\u00dfwasser-Rundb\u00e4lle B"},"content":{"rendered":"","protected":false},"excerpt":{"rendered":"<p>10\u201311 mm gro\u00dfe, nahezu runde Edison-S\u00fc\u00dfwasserperlen im Barockstil in strahlendem Wei\u00df mit starkem Glanz und nat\u00fcrlicher Oberfl\u00e4chenstruktur. Die Perlen sind gebohrt und zu einer einzelnen Kette aufgef\u00e4delt. Ideal f\u00fcr elegante Halsketten oder Armb\u00e4nder, die sowohl legere als auch formelle Outfits aufwerten.<\/p>","protected":false},"featured_media":27329,"comment_status":"open","ping_status":"closed","template":"","meta":[],"product_brand":[],"product_cat":[57],"product_tag":[91,83,85],"class_list":{"0":"post-27335","1":"product","2":"type-product","3":"status-publish","4":"has-post-thumbnail","6":"product_cat-edison-pearls-wholesale","7":"product_tag-full-drilled-pearls","8":"product_tag-large-freshwater-pearls-wholesale","9":"product_tag-bulk-string-pearls","10":"pa_color-white-pearls","11":"pa_shape-round-pearls","13":"first","14":"instock","15":"taxable","16":"shipping-taxable","17":"purchasable","18":"product-type-simple"},"tiered_pricing_type":"fixed","tiered_pricing_fixed_rules":[],"tiered_pricing_product_settings":{"layout":"default","base_unit_name":{"singular":null,"plural":null},"default_variation":null},"tiered_pricing_minimum_quantity":null,"tiered_pricing_roles_data":[],"tiered_pricing_percentage_rules":[],"tiered_pricing_maximum_quantity":null,"tiered_pricing_quantity_step":null,"_links":{"self":[{"href":"https:\/\/gretapearls.com\/de\/wp-json\/wp\/v2\/product\/27335","targetHints":{"allow":["GET"]}}],"collection":[{"href":"https:\/\/gretapearls.com\/de\/wp-json\/wp\/v2\/product"}],"about":[{"href":"https:\/\/gretapearls.com\/de\/wp-json\/wp\/v2\/types\/product"}],"replies":[{"embeddable":true,"href":"https:\/\/gretapearls.com\/de\/wp-json\/wp\/v2\/comments?post=27335"}],"wp:featuredmedia":[{"embeddable":true,"href":"https:\/\/gretapearls.com\/de\/wp-json\/wp\/v2\/media\/27329"}],"wp:attachment":[{"href":"https:\/\/gretapearls.com\/de\/wp-json\/wp\/v2\/media?parent=27335"}],"wp:term":[{"taxonomy":"product_brand","embeddable":true,"href":"https:\/\/gretapearls.com\/de\/wp-json\/wp\/v2\/product_brand?post=27335"},{"taxonomy":"product_cat","embeddable":true,"href":"https:\/\/gretapearls.com\/de\/wp-json\/wp\/v2\/product_cat?post=27335"},{"taxonomy":"product_tag","embeddable":true,"href":"https:\/\/gretapearls.com\/de\/wp-json\/wp\/v2\/product_tag?post=27335"}],"curies":[{"name":"wp","href":"https:\/\/api.w.org\/{rel}","templated":true}]}}